{"id":158,"date":"2014-04-30T10:20:18","date_gmt":"2014-04-30T10:20:18","guid":{"rendered":"http:\/\/www.solliden.fi\/sol2014\/?page_id=158"},"modified":"2018-07-14T16:53:56","modified_gmt":"2018-07-14T13:53:56","slug":"events","status":"publish","type":"page","link":"https:\/\/www.solliden.fi\/en\/events\/","title":{"rendered":"Events"},"content":{"rendered":"<p><strong>Summer&nbsp; 2018<\/strong><\/p>\n<p>&nbsp;&nbsp; 1.5&nbsp; &nbsp;12-15&nbsp; &nbsp;Picnic Picknick Piknik &#8211; Cold Case&nbsp;<br \/>\n14.6&nbsp; &nbsp;19-20&nbsp; &nbsp;Klangsk\u00e5lsavslappning \u00c4\u00e4nimaljarentoutus&nbsp;Klang Bowl Relaxation &#8211; Marjo Paavola<br \/>\n22.6&nbsp; &nbsp;15.00&nbsp; &nbsp;Vi kl\u00e4r midsommarst\u00e5ngen Juhannussalon koristelu&nbsp;<br \/>\n&nbsp; &nbsp; &nbsp; &nbsp; &nbsp; &nbsp;18.00&nbsp; &nbsp;Vi reser midsommarst\u00e5ngen Juhannussalon pysytytys&nbsp;<br \/>\n&nbsp; &nbsp; &nbsp; &nbsp; &nbsp; &nbsp;22.00&nbsp; &nbsp;Midsommarbrasa Juhannuskokko<br \/>\n&nbsp; &nbsp; &nbsp; &nbsp; &nbsp; &nbsp;Open until ~23.00<br \/>\n27.6&nbsp; &nbsp;19-20&nbsp; &nbsp;Aqua Splash Vattenjumppa Vesijumppa &#8211; Marjo Paavola<br \/>\n&nbsp; 1.7&nbsp; &nbsp;14-15&nbsp; &nbsp;Beach Yoga &#8211; Miia H\u00e4m\u00e4l\u00e4inen<br \/>\n&nbsp; 5.7&nbsp; &nbsp;19-20&nbsp; Alls\u00e5ng Yhteislauluilta SingAlong &#8211; Laulavaiset<br \/>\n&nbsp; 7.7&nbsp; &nbsp; &nbsp;9-10&nbsp;&nbsp; Beach Yoga &#8211; Miia H\u00e4m\u00e4l\u00e4inen<br \/>\n19.7&nbsp; &nbsp; &nbsp; &nbsp; &nbsp; &nbsp; &nbsp; &nbsp;Troubadour Kerstin Stubb<br \/>\n21.7&nbsp; &nbsp; &nbsp;9-10&nbsp;&nbsp; Beach Yoga &#8211; Miia H\u00e4m\u00e4l\u00e4inen<br \/>\n26.7&nbsp; &nbsp; &nbsp; &nbsp; &nbsp; &nbsp; &nbsp; &nbsp;Troubadour Mats Prost&nbsp;<br \/>\n&nbsp; 1.8&nbsp; &nbsp;19-21&nbsp;&nbsp; SunCity Blues Breakers<\/p>\n","protected":false},"excerpt":{"rendered":"<p>Summer&nbsp; 2018 &nbsp;&nbsp; 1.5&nbsp; &nbsp;12-15&nbsp; &nbsp;Picnic Picknick Piknik &#8211; Cold Case&nbsp; 14.6&nbsp; &nbsp;19-20&nbsp; &nbsp;Klangsk\u00e5lsavslappning \u00c4\u00e4nimaljarentoutus&nbsp;Klang Bowl Relaxation &#8211; Marjo Paavola 22.6&nbsp; &nbsp;15.00&nbsp; &nbsp;Vi kl\u00e4r midsommarst\u00e5ngen Juhannussalon koristelu&nbsp; &nbsp; &nbsp; &nbsp; &nbsp; &nbsp; &nbsp;18.00&nbsp; &nbsp;Vi reser midsommarst\u00e5ngen Juhannussalon pysytytys&nbsp; &nbsp; &nbsp; &nbsp; &nbsp; &nbsp; &nbsp;22.00&nbsp; &nbsp;Midsommarbrasa Juhannuskokko &nbsp; &nbsp; &nbsp; &nbsp; &nbsp; &nbsp;Open until ~23.00 27.6&nbsp; [&hellip;]<\/p>\n","protected":false},"author":1,"featured_media":0,"parent":0,"menu_order":98,"comment_status":"closed","ping_status":"closed","template":"","meta":{"_uag_custom_page_level_css":"","site-sidebar-layout":"default","site-content-layout":"","ast-site-content-layout":"default","site-content-style":"default","site-sidebar-style":"default","ast-global-header-display":"","ast-banner-title-visibility":"","ast-main-header-display":"","ast-hfb-above-header-display":"","ast-hfb-below-header-display":"","ast-hfb-mobile-header-display":"","site-post-title":"","ast-breadcrumbs-content":"","ast-featured-img":"","footer-sml-layout":"","ast-disable-related-posts":"","theme-transparent-header-meta":"","adv-header-id-meta":"","stick-header-meta":"","header-above-stick-meta":"","header-main-stick-meta":"","header-below-stick-meta":"","astra-migrate-meta-layouts":"default","ast-page-background-enabled":"default","ast-page-background-meta":{"desktop":{"background-color":"","background-image":"","background-repeat":"repeat","background-position":"center center","background-size":"auto","background-attachment":"scroll","background-type":"","background-media":"","overlay-type":"","overlay-color":"","overlay-opacity":"","overlay-gradient":""},"tablet":{"background-color":"","background-image":"","background-repeat":"repeat","background-position":"center center","background-size":"auto","background-attachment":"scroll","background-type":"","background-media":"","overlay-type":"","overlay-color":"","overlay-opacity":"","overlay-gradient":""},"mobile":{"background-color":"","background-image":"","background-repeat":"repeat","background-position":"center center","background-size":"auto","background-attachment":"scroll","background-type":"","background-media":"","overlay-type":"","overlay-color":"","overlay-opacity":"","overlay-gradient":""}},"ast-content-background-meta":{"desktop":{"background-color":"var(--ast-global-color-5)","background-image":"","background-repeat":"repeat","background-position":"center center","background-size":"auto","background-attachment":"scroll","background-type":"","background-media":"","overlay-type":"","overlay-color":"","overlay-opacity":"","overlay-gradient":""},"tablet":{"background-color":"var(--ast-global-color-5)","background-image":"","background-repeat":"repeat","background-position":"center center","background-size":"auto","background-attachment":"scroll","background-type":"","background-media":"","overlay-type":"","overlay-color":"","overlay-opacity":"","overlay-gradient":""},"mobile":{"background-color":"var(--ast-global-color-5)","background-image":"","background-repeat":"repeat","background-position":"center center","background-size":"auto","background-attachment":"scroll","background-type":"","background-media":"","overlay-type":"","overlay-color":"","overlay-opacity":"","overlay-gradient":""}},"footnotes":""},"class_list":["post-158","page","type-page","status-publish","hentry"],"yoast_head":"<!-- This site is optimized with the Yoast SEO plugin v27.4 - https:\/\/yoast.com\/product\/yoast-seo-wordpress\/ -->\n<title>Events - Solliden Camping<\/title>\n<meta name=\"robots\" content=\"index, follow, max-snippet:-1, max-image-preview:large, max-video-preview:-1\" \/>\n<link rel=\"canonical\" href=\"https:\/\/www.solliden.fi\/en\/events\/\" \/>\n<meta property=\"og:locale\" content=\"en_US\" \/>\n<meta property=\"og:type\" content=\"article\" \/>\n<meta property=\"og:title\" content=\"Events - Solliden Camping\" \/>\n<meta property=\"og:description\" content=\"Summer&nbsp; 2018 &nbsp;&nbsp; 1.5&nbsp; &nbsp;12-15&nbsp; &nbsp;Picnic Picknick Piknik &#8211; Cold Case&nbsp; 14.6&nbsp; &nbsp;19-20&nbsp; &nbsp;Klangsk\u00e5lsavslappning \u00c4\u00e4nimaljarentoutus&nbsp;Klang Bowl Relaxation &#8211; Marjo Paavola 22.6&nbsp; &nbsp;15.00&nbsp; &nbsp;Vi kl\u00e4r midsommarst\u00e5ngen Juhannussalon koristelu&nbsp; &nbsp; &nbsp; &nbsp; &nbsp; &nbsp; &nbsp;18.00&nbsp; &nbsp;Vi reser midsommarst\u00e5ngen Juhannussalon pysytytys&nbsp; &nbsp; &nbsp; &nbsp; &nbsp; &nbsp; &nbsp;22.00&nbsp; &nbsp;Midsommarbrasa Juhannuskokko &nbsp; &nbsp; &nbsp; &nbsp; &nbsp; &nbsp;Open until ~23.00 27.6&nbsp; [&hellip;]\" \/>\n<meta property=\"og:url\" content=\"https:\/\/www.solliden.fi\/en\/events\/\" \/>\n<meta property=\"og:site_name\" content=\"Solliden Camping\" \/>\n<meta property=\"article:modified_time\" content=\"2018-07-14T13:53:56+00:00\" \/>\n<meta name=\"twitter:label1\" content=\"Est. reading time\" \/>\n\t<meta name=\"twitter:data1\" content=\"1 minute\" \/>\n<script type=\"application\/ld+json\" class=\"yoast-schema-graph\">{\"@context\":\"https:\\\/\\\/schema.org\",\"@graph\":[{\"@type\":\"WebPage\",\"@id\":\"https:\\\/\\\/www.solliden.fi\\\/en\\\/events\\\/\",\"url\":\"https:\\\/\\\/www.solliden.fi\\\/en\\\/events\\\/\",\"name\":\"Events - Solliden Camping\",\"isPartOf\":{\"@id\":\"https:\\\/\\\/www.solliden.fi\\\/en\\\/#website\"},\"datePublished\":\"2014-04-30T10:20:18+00:00\",\"dateModified\":\"2018-07-14T13:53:56+00:00\",\"breadcrumb\":{\"@id\":\"https:\\\/\\\/www.solliden.fi\\\/en\\\/events\\\/#breadcrumb\"},\"inLanguage\":\"en-US\",\"potentialAction\":[{\"@type\":\"ReadAction\",\"target\":[\"https:\\\/\\\/www.solliden.fi\\\/en\\\/events\\\/\"]}]},{\"@type\":\"BreadcrumbList\",\"@id\":\"https:\\\/\\\/www.solliden.fi\\\/en\\\/events\\\/#breadcrumb\",\"itemListElement\":[{\"@type\":\"ListItem\",\"position\":1,\"name\":\"Home\",\"item\":\"https:\\\/\\\/www.solliden.fi\\\/en\\\/\"},{\"@type\":\"ListItem\",\"position\":2,\"name\":\"Events\"}]},{\"@type\":\"WebSite\",\"@id\":\"https:\\\/\\\/www.solliden.fi\\\/en\\\/#website\",\"url\":\"https:\\\/\\\/www.solliden.fi\\\/en\\\/\",\"name\":\"Solliden Camping\",\"description\":\"Campsite in the Turku archipelago\",\"publisher\":{\"@id\":\"https:\\\/\\\/www.solliden.fi\\\/en\\\/#organization\"},\"potentialAction\":[{\"@type\":\"SearchAction\",\"target\":{\"@type\":\"EntryPoint\",\"urlTemplate\":\"https:\\\/\\\/www.solliden.fi\\\/en\\\/?s={search_term_string}\"},\"query-input\":{\"@type\":\"PropertyValueSpecification\",\"valueRequired\":true,\"valueName\":\"search_term_string\"}}],\"inLanguage\":\"en-US\"},{\"@type\":\"Organization\",\"@id\":\"https:\\\/\\\/www.solliden.fi\\\/en\\\/#organization\",\"name\":\"Solliden Camping\",\"url\":\"https:\\\/\\\/www.solliden.fi\\\/en\\\/\",\"logo\":{\"@type\":\"ImageObject\",\"inLanguage\":\"en-US\",\"@id\":\"https:\\\/\\\/www.solliden.fi\\\/en\\\/#\\\/schema\\\/logo\\\/image\\\/\",\"url\":\"https:\\\/\\\/www.solliden.fi\\\/wp-content\\\/uploads\\\/logo@2x.png\",\"contentUrl\":\"https:\\\/\\\/www.solliden.fi\\\/wp-content\\\/uploads\\\/logo@2x.png\",\"width\":510,\"height\":400,\"caption\":\"Solliden Camping\"},\"image\":{\"@id\":\"https:\\\/\\\/www.solliden.fi\\\/en\\\/#\\\/schema\\\/logo\\\/image\\\/\"}}]}<\/script>\n<!-- \/ Yoast SEO plugin. -->","yoast_head_json":{"title":"Events - Solliden Camping","robots":{"index":"index","follow":"follow","max-snippet":"max-snippet:-1","max-image-preview":"max-image-preview:large","max-video-preview":"max-video-preview:-1"},"canonical":"https:\/\/www.solliden.fi\/en\/events\/","og_locale":"en_US","og_type":"article","og_title":"Events - Solliden Camping","og_description":"Summer&nbsp; 2018 &nbsp;&nbsp; 1.5&nbsp; &nbsp;12-15&nbsp; &nbsp;Picnic Picknick Piknik &#8211; Cold Case&nbsp; 14.6&nbsp; &nbsp;19-20&nbsp; &nbsp;Klangsk\u00e5lsavslappning \u00c4\u00e4nimaljarentoutus&nbsp;Klang Bowl Relaxation &#8211; Marjo Paavola 22.6&nbsp; &nbsp;15.00&nbsp; &nbsp;Vi kl\u00e4r midsommarst\u00e5ngen Juhannussalon koristelu&nbsp; &nbsp; &nbsp; &nbsp; &nbsp; &nbsp; &nbsp;18.00&nbsp; &nbsp;Vi reser midsommarst\u00e5ngen Juhannussalon pysytytys&nbsp; &nbsp; &nbsp; &nbsp; &nbsp; &nbsp; &nbsp;22.00&nbsp; &nbsp;Midsommarbrasa Juhannuskokko &nbsp; &nbsp; &nbsp; &nbsp; &nbsp; &nbsp;Open until ~23.00 27.6&nbsp; [&hellip;]","og_url":"https:\/\/www.solliden.fi\/en\/events\/","og_site_name":"Solliden Camping","article_modified_time":"2018-07-14T13:53:56+00:00","twitter_misc":{"Est. reading time":"1 minute"},"schema":{"@context":"https:\/\/schema.org","@graph":[{"@type":"WebPage","@id":"https:\/\/www.solliden.fi\/en\/events\/","url":"https:\/\/www.solliden.fi\/en\/events\/","name":"Events - Solliden Camping","isPartOf":{"@id":"https:\/\/www.solliden.fi\/en\/#website"},"datePublished":"2014-04-30T10:20:18+00:00","dateModified":"2018-07-14T13:53:56+00:00","breadcrumb":{"@id":"https:\/\/www.solliden.fi\/en\/events\/#breadcrumb"},"inLanguage":"en-US","potentialAction":[{"@type":"ReadAction","target":["https:\/\/www.solliden.fi\/en\/events\/"]}]},{"@type":"BreadcrumbList","@id":"https:\/\/www.solliden.fi\/en\/events\/#breadcrumb","itemListElement":[{"@type":"ListItem","position":1,"name":"Home","item":"https:\/\/www.solliden.fi\/en\/"},{"@type":"ListItem","position":2,"name":"Events"}]},{"@type":"WebSite","@id":"https:\/\/www.solliden.fi\/en\/#website","url":"https:\/\/www.solliden.fi\/en\/","name":"Solliden Camping","description":"Campsite in the Turku archipelago","publisher":{"@id":"https:\/\/www.solliden.fi\/en\/#organization"},"potentialAction":[{"@type":"SearchAction","target":{"@type":"EntryPoint","urlTemplate":"https:\/\/www.solliden.fi\/en\/?s={search_term_string}"},"query-input":{"@type":"PropertyValueSpecification","valueRequired":true,"valueName":"search_term_string"}}],"inLanguage":"en-US"},{"@type":"Organization","@id":"https:\/\/www.solliden.fi\/en\/#organization","name":"Solliden Camping","url":"https:\/\/www.solliden.fi\/en\/","logo":{"@type":"ImageObject","inLanguage":"en-US","@id":"https:\/\/www.solliden.fi\/en\/#\/schema\/logo\/image\/","url":"https:\/\/www.solliden.fi\/wp-content\/uploads\/logo@2x.png","contentUrl":"https:\/\/www.solliden.fi\/wp-content\/uploads\/logo@2x.png","width":510,"height":400,"caption":"Solliden Camping"},"image":{"@id":"https:\/\/www.solliden.fi\/en\/#\/schema\/logo\/image\/"}}]}},"uagb_featured_image_src":{"full":false,"thumbnail":false,"medium":false,"medium_large":false,"large":false,"1536x1536":false,"2048x2048":false,"gform-image-choice-sm":false,"gform-image-choice-md":false,"gform-image-choice-lg":false},"uagb_author_info":{"display_name":"dzfrank","author_link":"https:\/\/www.solliden.fi\/en\/author\/dzfrank\/"},"uagb_comment_info":0,"uagb_excerpt":"Summer&nbsp; 2018 &nbsp;&nbsp; 1.5&nbsp; &nbsp;12-15&nbsp; &nbsp;Picnic Picknick Piknik &#8211; Cold Case&nbsp; 14.6&nbsp; &nbsp;19-20&nbsp; &nbsp;Klangsk\u00e5lsavslappning \u00c4\u00e4nimaljarentoutus&nbsp;Klang Bowl Relaxation &#8211; Marjo Paavola 22.6&nbsp; &nbsp;15.00&nbsp; &nbsp;Vi kl\u00e4r midsommarst\u00e5ngen Juhannussalon koristelu&nbsp; &nbsp; &nbsp; &nbsp; &nbsp; &nbsp; &nbsp;18.00&nbsp; &nbsp;Vi reser midsommarst\u00e5ngen Juhannussalon pysytytys&nbsp; &nbsp; &nbsp; &nbsp; &nbsp; &nbsp; &nbsp;22.00&nbsp; &nbsp;Midsommarbrasa Juhannuskokko &nbsp; &nbsp; &nbsp; &nbsp; &nbsp; &nbsp;Open until ~23.00 27.6&nbsp;&hellip;","_links":{"self":[{"href":"https:\/\/www.solliden.fi\/en\/wp-json\/wp\/v2\/pages\/158","targetHints":{"allow":["GET"]}}],"collection":[{"href":"https:\/\/www.solliden.fi\/en\/wp-json\/wp\/v2\/pages"}],"about":[{"href":"https:\/\/www.solliden.fi\/en\/wp-json\/wp\/v2\/types\/page"}],"author":[{"embeddable":true,"href":"https:\/\/www.solliden.fi\/en\/wp-json\/wp\/v2\/users\/1"}],"replies":[{"embeddable":true,"href":"https:\/\/www.solliden.fi\/en\/wp-json\/wp\/v2\/comments?post=158"}],"version-history":[{"count":0,"href":"https:\/\/www.solliden.fi\/en\/wp-json\/wp\/v2\/pages\/158\/revisions"}],"wp:attachment":[{"href":"https:\/\/www.solliden.fi\/en\/wp-json\/wp\/v2\/media?parent=158"}],"curies":[{"name":"wp","href":"https:\/\/api.w.org\/{rel}","templated":true}]}}