{"id":859,"date":"2015-03-02T23:36:45","date_gmt":"2015-03-02T21:36:45","guid":{"rendered":"http:\/\/www.solliden.fi\/?page_id=859"},"modified":"2024-05-30T11:31:13","modified_gmt":"2024-05-30T08:31:13","slug":"applegarden","status":"publish","type":"page","link":"https:\/\/www.solliden.fi\/en\/cabins\/applegarden\/","title":{"rendered":"Apple Garden (\u00c4ppeltr\u00e4dg\u00e5rden)"},"content":{"rendered":"<p>In the middle of the apple garden behind the caf\u00e9, you will find four small and cosy cottages with room for up to 4 people. The cottages include a kitchenette,\u00a0 a bunk bed and a bed sofa for two 2 x80x200. Outside a small porch where you can enjoy the beautiful summer days.<br \/>\nToilets and showers are up on the campsite, a small walk, about 200 meters, away. Toilets also on the beach nearby and in the caf\u00e9 (when the caf\u00e9 is open).<\/p>\n<p>Cottages include a refrigerator, hot plates for cooking, cold water.<br \/>\nFor cooking also basic kitchenware, coffee maker, kettle. Ask the reception if you need anything.<br \/>\nCleaning equipment. Sleeping equipment: Bed covers and pillows (not bed linens)<br \/>\nBedrooms: 0 (1)<br \/>\nSleeping places: 4<br \/>\nKitchenette: Yes<br \/>\nToilet\/Shower\/ Sauna: No<\/p>\n<p><a href=\"https:\/\/www.solliden.fi\/en\/cabins\/\">Terms and prices<\/a><\/p>\n<p><img decoding=\"async\" class=\"alignnone size-large wp-image-2994\" src=\"https:\/\/www.solliden.fi\/wp-content\/uploads\/Solliden5-1024x645-2-1024x645.jpg\" alt=\"\" width=\"1024\" height=\"645\" srcset=\"https:\/\/www.solliden.fi\/wp-content\/uploads\/Solliden5-1024x645-2.jpg 1024w, https:\/\/www.solliden.fi\/wp-content\/uploads\/Solliden5-1024x645-2-300x189.jpg 300w, https:\/\/www.solliden.fi\/wp-content\/uploads\/Solliden5-1024x645-2-768x484.jpg 768w\" sizes=\"(max-width: 1024px) 100vw, 1024px\" \/> <img decoding=\"async\" class=\"alignnone size-large wp-image-2995\" src=\"https:\/\/www.solliden.fi\/wp-content\/uploads\/Solliden8-2-1024x520.jpg\" alt=\"\" width=\"1024\" height=\"520\" srcset=\"https:\/\/www.solliden.fi\/wp-content\/uploads\/Solliden8-2-1024x520.jpg 1024w, https:\/\/www.solliden.fi\/wp-content\/uploads\/Solliden8-2-300x152.jpg 300w, https:\/\/www.solliden.fi\/wp-content\/uploads\/Solliden8-2-768x390.jpg 768w, https:\/\/www.solliden.fi\/wp-content\/uploads\/Solliden8-2-1080x548.jpg 1080w, https:\/\/www.solliden.fi\/wp-content\/uploads\/Solliden8-2.jpg 1400w\" sizes=\"(max-width: 1024px) 100vw, 1024px\" \/><\/p>\n<p><img decoding=\"async\" class=\"size-large wp-image-2998\" src=\"https:\/\/www.solliden.fi\/wp-content\/uploads\/IMG_20180703_151849-2-1024x512.jpg\" alt=\"\" width=\"1024\" height=\"512\" srcset=\"https:\/\/www.solliden.fi\/wp-content\/uploads\/IMG_20180703_151849-2-1024x512.jpg 1024w, https:\/\/www.solliden.fi\/wp-content\/uploads\/IMG_20180703_151849-2-300x150.jpg 300w, https:\/\/www.solliden.fi\/wp-content\/uploads\/IMG_20180703_151849-2-768x384.jpg 768w, https:\/\/www.solliden.fi\/wp-content\/uploads\/IMG_20180703_151849-2-1080x540.jpg 1080w\" sizes=\"(max-width: 1024px) 100vw, 1024px\" \/><\/p>\n<p><img decoding=\"async\" class=\"size-large wp-image-2997\" src=\"https:\/\/www.solliden.fi\/wp-content\/uploads\/IMG_20180703_151516-2-1024x512.jpg\" alt=\"\" width=\"1024\" height=\"512\" srcset=\"https:\/\/www.solliden.fi\/wp-content\/uploads\/IMG_20180703_151516-2-1024x512.jpg 1024w, https:\/\/www.solliden.fi\/wp-content\/uploads\/IMG_20180703_151516-2-300x150.jpg 300w, https:\/\/www.solliden.fi\/wp-content\/uploads\/IMG_20180703_151516-2-768x384.jpg 768w, https:\/\/www.solliden.fi\/wp-content\/uploads\/IMG_20180703_151516-2-1080x540.jpg 1080w\" sizes=\"(max-width: 1024px) 100vw, 1024px\" \/><\/p>\n<p><img decoding=\"async\" class=\"size-large wp-image-2996\" src=\"https:\/\/www.solliden.fi\/wp-content\/uploads\/IMG_20180703_152003-2-1024x512.jpg\" alt=\"\" width=\"1024\" height=\"512\" srcset=\"https:\/\/www.solliden.fi\/wp-content\/uploads\/IMG_20180703_152003-2-1024x512.jpg 1024w, https:\/\/www.solliden.fi\/wp-content\/uploads\/IMG_20180703_152003-2-300x150.jpg 300w, https:\/\/www.solliden.fi\/wp-content\/uploads\/IMG_20180703_152003-2-768x384.jpg 768w, https:\/\/www.solliden.fi\/wp-content\/uploads\/IMG_20180703_152003-2-1080x540.jpg 1080w\" sizes=\"(max-width: 1024px) 100vw, 1024px\" \/><\/p>\n","protected":false},"excerpt":{"rendered":"<p>In the middle of the apple garden behind the caf\u00e9, you will find four small and cosy cottages with room for up to 4 people. The cottages include a kitchenette,\u00a0 a bunk bed and a bed sofa for two 2 x80x200. Outside a small porch where you can enjoy the beautiful summer days. Toilets and [&hellip;]<\/p>\n","protected":false},"author":1,"featured_media":3834,"parent":36,"menu_order":0,"comment_status":"closed","ping_status":"closed","template":"","meta":{"_uag_custom_page_level_css":"","site-sidebar-layout":"default","site-content-layout":"default","ast-site-content-layout":"default","site-content-style":"default","site-sidebar-style":"default","ast-global-header-display":"","ast-banner-title-visibility":"","ast-main-header-display":"","ast-hfb-above-header-display":"","ast-hfb-below-header-display":"","ast-hfb-mobile-header-display":"","site-post-title":"","ast-breadcrumbs-content":"","ast-featured-img":"","footer-sml-layout":"","ast-disable-related-posts":"","theme-transparent-header-meta":"default","adv-header-id-meta":"","stick-header-meta":"default","header-above-stick-meta":"","header-main-stick-meta":"","header-below-stick-meta":"","astra-migrate-meta-layouts":"default","ast-page-background-enabled":"default","ast-page-background-meta":{"desktop":{"background-color":"","background-image":"","background-repeat":"repeat","background-position":"center center","background-size":"auto","background-attachment":"scroll","background-type":"","background-media":"","overlay-type":"","overlay-color":"","overlay-opacity":"","overlay-gradient":""},"tablet":{"background-color":"","background-image":"","background-repeat":"repeat","background-position":"center center","background-size":"auto","background-attachment":"scroll","background-type":"","background-media":"","overlay-type":"","overlay-color":"","overlay-opacity":"","overlay-gradient":""},"mobile":{"background-color":"","background-image":"","background-repeat":"repeat","background-position":"center center","background-size":"auto","background-attachment":"scroll","background-type":"","background-media":"","overlay-type":"","overlay-color":"","overlay-opacity":"","overlay-gradient":""}},"ast-content-background-meta":{"desktop":{"background-color":"var(--ast-global-color-5)","background-image":"","background-repeat":"repeat","background-position":"center center","background-size":"auto","background-attachment":"scroll","background-type":"","background-media":"","overlay-type":"","overlay-color":"","overlay-opacity":"","overlay-gradient":""},"tablet":{"background-color":"var(--ast-global-color-5)","background-image":"","background-repeat":"repeat","background-position":"center center","background-size":"auto","background-attachment":"scroll","background-type":"","background-media":"","overlay-type":"","overlay-color":"","overlay-opacity":"","overlay-gradient":""},"mobile":{"background-color":"var(--ast-global-color-5)","background-image":"","background-repeat":"repeat","background-position":"center center","background-size":"auto","background-attachment":"scroll","background-type":"","background-media":"","overlay-type":"","overlay-color":"","overlay-opacity":"","overlay-gradient":""}},"footnotes":""},"class_list":["post-859","page","type-page","status-publish","has-post-thumbnail","hentry"],"yoast_head":"<!-- This site is optimized with the Yoast SEO plugin v27.4 - https:\/\/yoast.com\/product\/yoast-seo-wordpress\/ -->\n<title>Apple Garden (\u00c4ppeltr\u00e4dg\u00e5rden) - Solliden Camping<\/title>\n<meta name=\"robots\" content=\"index, follow, max-snippet:-1, max-image-preview:large, max-video-preview:-1\" \/>\n<link rel=\"canonical\" href=\"https:\/\/www.solliden.fi\/en\/cabins\/applegarden\/\" \/>\n<meta property=\"og:locale\" content=\"en_US\" \/>\n<meta property=\"og:type\" content=\"article\" \/>\n<meta property=\"og:title\" content=\"Apple Garden (\u00c4ppeltr\u00e4dg\u00e5rden) - Solliden Camping\" \/>\n<meta property=\"og:description\" content=\"In the middle of the apple garden behind the caf\u00e9, you will find four small and cosy cottages with room for up to 4 people. The cottages include a kitchenette,\u00a0 a bunk bed and a bed sofa for two 2 x80x200. Outside a small porch where you can enjoy the beautiful summer days. Toilets and [&hellip;]\" \/>\n<meta property=\"og:url\" content=\"https:\/\/www.solliden.fi\/en\/cabins\/applegarden\/\" \/>\n<meta property=\"og:site_name\" content=\"Solliden Camping\" \/>\n<meta property=\"article:modified_time\" content=\"2024-05-30T08:31:13+00:00\" \/>\n<meta property=\"og:image\" content=\"https:\/\/www.solliden.fi\/wp-content\/uploads\/\u00e4ppel-hemsida.jpg\" \/>\n\t<meta property=\"og:image:width\" content=\"1917\" \/>\n\t<meta property=\"og:image:height\" content=\"952\" \/>\n\t<meta property=\"og:image:type\" content=\"image\/jpeg\" \/>\n<meta name=\"twitter:label1\" content=\"Est. reading time\" \/>\n\t<meta name=\"twitter:data1\" content=\"2 minutes\" \/>\n<script type=\"application\/ld+json\" class=\"yoast-schema-graph\">{\"@context\":\"https:\\\/\\\/schema.org\",\"@graph\":[{\"@type\":\"WebPage\",\"@id\":\"https:\\\/\\\/www.solliden.fi\\\/en\\\/cabins\\\/applegarden\\\/\",\"url\":\"https:\\\/\\\/www.solliden.fi\\\/en\\\/cabins\\\/applegarden\\\/\",\"name\":\"Apple Garden (\u00c4ppeltr\u00e4dg\u00e5rden) - Solliden Camping\",\"isPartOf\":{\"@id\":\"https:\\\/\\\/www.solliden.fi\\\/en\\\/#website\"},\"primaryImageOfPage\":{\"@id\":\"https:\\\/\\\/www.solliden.fi\\\/en\\\/cabins\\\/applegarden\\\/#primaryimage\"},\"image\":{\"@id\":\"https:\\\/\\\/www.solliden.fi\\\/en\\\/cabins\\\/applegarden\\\/#primaryimage\"},\"thumbnailUrl\":\"https:\\\/\\\/www.solliden.fi\\\/wp-content\\\/uploads\\\/\u00e4ppel-hemsida.jpg\",\"datePublished\":\"2015-03-02T21:36:45+00:00\",\"dateModified\":\"2024-05-30T08:31:13+00:00\",\"breadcrumb\":{\"@id\":\"https:\\\/\\\/www.solliden.fi\\\/en\\\/cabins\\\/applegarden\\\/#breadcrumb\"},\"inLanguage\":\"en-US\",\"potentialAction\":[{\"@type\":\"ReadAction\",\"target\":[\"https:\\\/\\\/www.solliden.fi\\\/en\\\/cabins\\\/applegarden\\\/\"]}]},{\"@type\":\"ImageObject\",\"inLanguage\":\"en-US\",\"@id\":\"https:\\\/\\\/www.solliden.fi\\\/en\\\/cabins\\\/applegarden\\\/#primaryimage\",\"url\":\"https:\\\/\\\/www.solliden.fi\\\/wp-content\\\/uploads\\\/\u00e4ppel-hemsida.jpg\",\"contentUrl\":\"https:\\\/\\\/www.solliden.fi\\\/wp-content\\\/uploads\\\/\u00e4ppel-hemsida.jpg\",\"width\":1917,\"height\":952},{\"@type\":\"BreadcrumbList\",\"@id\":\"https:\\\/\\\/www.solliden.fi\\\/en\\\/cabins\\\/applegarden\\\/#breadcrumb\",\"itemListElement\":[{\"@type\":\"ListItem\",\"position\":1,\"name\":\"Home\",\"item\":\"https:\\\/\\\/www.solliden.fi\\\/en\\\/\"},{\"@type\":\"ListItem\",\"position\":2,\"name\":\"Cabins\",\"item\":\"https:\\\/\\\/www.solliden.fi\\\/en\\\/cabins\\\/\"},{\"@type\":\"ListItem\",\"position\":3,\"name\":\"Apple Garden (\u00c4ppeltr\u00e4dg\u00e5rden)\"}]},{\"@type\":\"WebSite\",\"@id\":\"https:\\\/\\\/www.solliden.fi\\\/en\\\/#website\",\"url\":\"https:\\\/\\\/www.solliden.fi\\\/en\\\/\",\"name\":\"Solliden Camping\",\"description\":\"Campsite in the Turku archipelago\",\"publisher\":{\"@id\":\"https:\\\/\\\/www.solliden.fi\\\/en\\\/#organization\"},\"potentialAction\":[{\"@type\":\"SearchAction\",\"target\":{\"@type\":\"EntryPoint\",\"urlTemplate\":\"https:\\\/\\\/www.solliden.fi\\\/en\\\/?s={search_term_string}\"},\"query-input\":{\"@type\":\"PropertyValueSpecification\",\"valueRequired\":true,\"valueName\":\"search_term_string\"}}],\"inLanguage\":\"en-US\"},{\"@type\":\"Organization\",\"@id\":\"https:\\\/\\\/www.solliden.fi\\\/en\\\/#organization\",\"name\":\"Solliden Camping\",\"url\":\"https:\\\/\\\/www.solliden.fi\\\/en\\\/\",\"logo\":{\"@type\":\"ImageObject\",\"inLanguage\":\"en-US\",\"@id\":\"https:\\\/\\\/www.solliden.fi\\\/en\\\/#\\\/schema\\\/logo\\\/image\\\/\",\"url\":\"https:\\\/\\\/www.solliden.fi\\\/wp-content\\\/uploads\\\/logo@2x.png\",\"contentUrl\":\"https:\\\/\\\/www.solliden.fi\\\/wp-content\\\/uploads\\\/logo@2x.png\",\"width\":510,\"height\":400,\"caption\":\"Solliden Camping\"},\"image\":{\"@id\":\"https:\\\/\\\/www.solliden.fi\\\/en\\\/#\\\/schema\\\/logo\\\/image\\\/\"}}]}<\/script>\n<!-- \/ Yoast SEO plugin. -->","yoast_head_json":{"title":"Apple Garden (\u00c4ppeltr\u00e4dg\u00e5rden) - Solliden Camping","robots":{"index":"index","follow":"follow","max-snippet":"max-snippet:-1","max-image-preview":"max-image-preview:large","max-video-preview":"max-video-preview:-1"},"canonical":"https:\/\/www.solliden.fi\/en\/cabins\/applegarden\/","og_locale":"en_US","og_type":"article","og_title":"Apple Garden (\u00c4ppeltr\u00e4dg\u00e5rden) - Solliden Camping","og_description":"In the middle of the apple garden behind the caf\u00e9, you will find four small and cosy cottages with room for up to 4 people. The cottages include a kitchenette,\u00a0 a bunk bed and a bed sofa for two 2 x80x200. Outside a small porch where you can enjoy the beautiful summer days. Toilets and [&hellip;]","og_url":"https:\/\/www.solliden.fi\/en\/cabins\/applegarden\/","og_site_name":"Solliden Camping","article_modified_time":"2024-05-30T08:31:13+00:00","og_image":[{"width":1917,"height":952,"url":"https:\/\/www.solliden.fi\/wp-content\/uploads\/\u00e4ppel-hemsida.jpg","type":"image\/jpeg"}],"twitter_misc":{"Est. reading time":"2 minutes"},"schema":{"@context":"https:\/\/schema.org","@graph":[{"@type":"WebPage","@id":"https:\/\/www.solliden.fi\/en\/cabins\/applegarden\/","url":"https:\/\/www.solliden.fi\/en\/cabins\/applegarden\/","name":"Apple Garden (\u00c4ppeltr\u00e4dg\u00e5rden) - Solliden Camping","isPartOf":{"@id":"https:\/\/www.solliden.fi\/en\/#website"},"primaryImageOfPage":{"@id":"https:\/\/www.solliden.fi\/en\/cabins\/applegarden\/#primaryimage"},"image":{"@id":"https:\/\/www.solliden.fi\/en\/cabins\/applegarden\/#primaryimage"},"thumbnailUrl":"https:\/\/www.solliden.fi\/wp-content\/uploads\/\u00e4ppel-hemsida.jpg","datePublished":"2015-03-02T21:36:45+00:00","dateModified":"2024-05-30T08:31:13+00:00","breadcrumb":{"@id":"https:\/\/www.solliden.fi\/en\/cabins\/applegarden\/#breadcrumb"},"inLanguage":"en-US","potentialAction":[{"@type":"ReadAction","target":["https:\/\/www.solliden.fi\/en\/cabins\/applegarden\/"]}]},{"@type":"ImageObject","inLanguage":"en-US","@id":"https:\/\/www.solliden.fi\/en\/cabins\/applegarden\/#primaryimage","url":"https:\/\/www.solliden.fi\/wp-content\/uploads\/\u00e4ppel-hemsida.jpg","contentUrl":"https:\/\/www.solliden.fi\/wp-content\/uploads\/\u00e4ppel-hemsida.jpg","width":1917,"height":952},{"@type":"BreadcrumbList","@id":"https:\/\/www.solliden.fi\/en\/cabins\/applegarden\/#breadcrumb","itemListElement":[{"@type":"ListItem","position":1,"name":"Home","item":"https:\/\/www.solliden.fi\/en\/"},{"@type":"ListItem","position":2,"name":"Cabins","item":"https:\/\/www.solliden.fi\/en\/cabins\/"},{"@type":"ListItem","position":3,"name":"Apple Garden (\u00c4ppeltr\u00e4dg\u00e5rden)"}]},{"@type":"WebSite","@id":"https:\/\/www.solliden.fi\/en\/#website","url":"https:\/\/www.solliden.fi\/en\/","name":"Solliden Camping","description":"Campsite in the Turku archipelago","publisher":{"@id":"https:\/\/www.solliden.fi\/en\/#organization"},"potentialAction":[{"@type":"SearchAction","target":{"@type":"EntryPoint","urlTemplate":"https:\/\/www.solliden.fi\/en\/?s={search_term_string}"},"query-input":{"@type":"PropertyValueSpecification","valueRequired":true,"valueName":"search_term_string"}}],"inLanguage":"en-US"},{"@type":"Organization","@id":"https:\/\/www.solliden.fi\/en\/#organization","name":"Solliden Camping","url":"https:\/\/www.solliden.fi\/en\/","logo":{"@type":"ImageObject","inLanguage":"en-US","@id":"https:\/\/www.solliden.fi\/en\/#\/schema\/logo\/image\/","url":"https:\/\/www.solliden.fi\/wp-content\/uploads\/logo@2x.png","contentUrl":"https:\/\/www.solliden.fi\/wp-content\/uploads\/logo@2x.png","width":510,"height":400,"caption":"Solliden Camping"},"image":{"@id":"https:\/\/www.solliden.fi\/en\/#\/schema\/logo\/image\/"}}]}},"uagb_featured_image_src":{"full":["https:\/\/www.solliden.fi\/wp-content\/uploads\/\u00e4ppel-hemsida.jpg",1917,952,false],"thumbnail":["https:\/\/www.solliden.fi\/wp-content\/uploads\/\u00e4ppel-hemsida-150x150.jpg",150,150,true],"medium":["https:\/\/www.solliden.fi\/wp-content\/uploads\/\u00e4ppel-hemsida-300x149.jpg",300,149,true],"medium_large":["https:\/\/www.solliden.fi\/wp-content\/uploads\/\u00e4ppel-hemsida-768x381.jpg",768,381,true],"large":["https:\/\/www.solliden.fi\/wp-content\/uploads\/\u00e4ppel-hemsida-1024x509.jpg",1024,509,true],"1536x1536":["https:\/\/www.solliden.fi\/wp-content\/uploads\/\u00e4ppel-hemsida-1536x763.jpg",1536,763,true],"2048x2048":["https:\/\/www.solliden.fi\/wp-content\/uploads\/\u00e4ppel-hemsida.jpg",1917,952,false],"gform-image-choice-sm":["https:\/\/www.solliden.fi\/wp-content\/uploads\/\u00e4ppel-hemsida.jpg",300,149,false],"gform-image-choice-md":["https:\/\/www.solliden.fi\/wp-content\/uploads\/\u00e4ppel-hemsida.jpg",400,199,false],"gform-image-choice-lg":["https:\/\/www.solliden.fi\/wp-content\/uploads\/\u00e4ppel-hemsida.jpg",600,298,false]},"uagb_author_info":{"display_name":"dzfrank","author_link":"https:\/\/www.solliden.fi\/en\/author\/dzfrank\/"},"uagb_comment_info":0,"uagb_excerpt":"In the middle of the apple garden behind the caf\u00e9, you will find four small and cosy cottages with room for up to 4 people. The cottages include a kitchenette,\u00a0 a bunk bed and a bed sofa for two 2 x80x200. Outside a small porch where you can enjoy the beautiful summer days. Toilets and&hellip;","_links":{"self":[{"href":"https:\/\/www.solliden.fi\/en\/wp-json\/wp\/v2\/pages\/859","targetHints":{"allow":["GET"]}}],"collection":[{"href":"https:\/\/www.solliden.fi\/en\/wp-json\/wp\/v2\/pages"}],"about":[{"href":"https:\/\/www.solliden.fi\/en\/wp-json\/wp\/v2\/types\/page"}],"author":[{"embeddable":true,"href":"https:\/\/www.solliden.fi\/en\/wp-json\/wp\/v2\/users\/1"}],"replies":[{"embeddable":true,"href":"https:\/\/www.solliden.fi\/en\/wp-json\/wp\/v2\/comments?post=859"}],"version-history":[{"count":1,"href":"https:\/\/www.solliden.fi\/en\/wp-json\/wp\/v2\/pages\/859\/revisions"}],"predecessor-version":[{"id":6321,"href":"https:\/\/www.solliden.fi\/en\/wp-json\/wp\/v2\/pages\/859\/revisions\/6321"}],"up":[{"embeddable":true,"href":"https:\/\/www.solliden.fi\/en\/wp-json\/wp\/v2\/pages\/36"}],"wp:featuredmedia":[{"embeddable":true,"href":"https:\/\/www.solliden.fi\/en\/wp-json\/wp\/v2\/media\/3834"}],"wp:attachment":[{"href":"https:\/\/www.solliden.fi\/en\/wp-json\/wp\/v2\/media?parent=859"}],"curies":[{"name":"wp","href":"https:\/\/api.w.org\/{rel}","templated":true}]}}