{"id":862,"date":"2015-03-02T23:37:28","date_gmt":"2015-03-02T21:37:28","guid":{"rendered":"http:\/\/www.solliden.fi\/?page_id=862"},"modified":"2024-05-30T11:38:49","modified_gmt":"2024-05-30T08:38:49","slug":"appeltradgarden","status":"publish","type":"page","link":"https:\/\/www.solliden.fi\/sv\/stugor\/appeltradgarden\/","title":{"rendered":"\u00c4ppeltr\u00e4dg\u00e5rden"},"content":{"rendered":"<p>Mitt i den stora \u00e4ppeltr\u00e4dg\u00e5rden bakom caf\u00e9et finner ni den lilla stugbyn med fyra \u00f6vernattningsstugor vi kallar f\u00f6r \u00c4ppeltr\u00e4dg\u00e5rden. H\u00e4r bjuds ni in till enkel \u00f6vernattning i sm\u00e5, traditionella och charmiga stugor med sovplats f\u00f6r upp till fyra personer.<\/p>\n<p>Stugorna \u00e4r utrustade med ett litet pentry och matgrupp. Sovplats f\u00f6r fyra i form av en v\u00e5ningss\u00e4ng och b\u00e4ddsoffa med sovbredd 2 x 80&#215;200.<br \/>\nUtanf\u00f6r finns en liten veranda med n\u00e4rhet till stor h\u00e4rlig gr\u00e4smatta f\u00f6r de soliga sommardagarna.<br \/>\nWC och dusch p\u00e5 l\u00e4geromr\u00e5det i gemensamma utrymmen p\u00e5 ca 200 m avst\u00e5nd.<br \/>\nWC finns \u00e4ven nere p\u00e5 simstranden och i caf\u00e9et, d\u00e5 receptionsbyggnaden \u00e4r \u00f6ppen, avst\u00e5nd ca 50 m.<\/p>\n<p>I stugorna finns kylsk\u00e5p, kokplattor, kaffe- och vattenkokare. Diskm\u00f6jlighet med kallt vatten.<br \/>\nF\u00f6r matlagning finns porslin, bestick, kastruller. Saknar du n\u00e5got, kontakta receptionen.<br \/>\nDisk- och st\u00e4dutrustning. T\u00e4cken, kuddar.<\/p>\n<p>Sovrum: 0<br \/>\nSovplatser: 4<br \/>\nKokvr\u00e5: Ja<br \/>\nWC \/ Dusch \/Bastu: Nej<\/p>\n<p><a href=\"https:\/\/www.solliden.fi\/sv\/stugor\/\">Villkor och pris<\/a><\/p>\n<p><img decoding=\"async\" src=\"https:\/\/www.solliden.fi\/wp-content\/uploads\/Solliden5-1024x645-1-1024x645.jpg\" \/><\/p>\n<p><img decoding=\"async\" class=\"alignnone size-large wp-image-1083\" src=\"https:\/\/www.solliden.fi\/wp-content\/uploads\/Solliden8-1024x520.jpg\" alt=\"\" width=\"1024\" height=\"520\" srcset=\"https:\/\/www.solliden.fi\/wp-content\/uploads\/Solliden8-1024x520.jpg 1024w, https:\/\/www.solliden.fi\/wp-content\/uploads\/Solliden8-300x152.jpg 300w, https:\/\/www.solliden.fi\/wp-content\/uploads\/Solliden8-768x390.jpg 768w, https:\/\/www.solliden.fi\/wp-content\/uploads\/Solliden8-1080x548.jpg 1080w, https:\/\/www.solliden.fi\/wp-content\/uploads\/Solliden8-20x10.jpg 20w, https:\/\/www.solliden.fi\/wp-content\/uploads\/Solliden8.jpg 1400w\" sizes=\"(max-width: 1024px) 100vw, 1024px\" \/><\/p>\n<p><img decoding=\"async\" class=\"size-large wp-image-2980\" src=\"https:\/\/www.solliden.fi\/wp-content\/uploads\/IMG_20180703_152003-1024x512.jpg\" alt=\"\" width=\"1024\" height=\"512\" srcset=\"https:\/\/www.solliden.fi\/wp-content\/uploads\/IMG_20180703_152003-1024x512.jpg 1024w, https:\/\/www.solliden.fi\/wp-content\/uploads\/IMG_20180703_152003-300x150.jpg 300w, https:\/\/www.solliden.fi\/wp-content\/uploads\/IMG_20180703_152003-768x384.jpg 768w, https:\/\/www.solliden.fi\/wp-content\/uploads\/IMG_20180703_152003-1080x540.jpg 1080w\" sizes=\"(max-width: 1024px) 100vw, 1024px\" \/><\/p>\n<p><img decoding=\"async\" class=\"size-large wp-image-2982\" src=\"https:\/\/www.solliden.fi\/wp-content\/uploads\/IMG_20180703_151849-1024x512.jpg\" alt=\"\" width=\"1024\" height=\"512\" srcset=\"https:\/\/www.solliden.fi\/wp-content\/uploads\/IMG_20180703_151849-1024x512.jpg 1024w, https:\/\/www.solliden.fi\/wp-content\/uploads\/IMG_20180703_151849-300x150.jpg 300w, https:\/\/www.solliden.fi\/wp-content\/uploads\/IMG_20180703_151849-768x384.jpg 768w, https:\/\/www.solliden.fi\/wp-content\/uploads\/IMG_20180703_151849-1080x540.jpg 1080w\" sizes=\"(max-width: 1024px) 100vw, 1024px\" \/><\/p>\n<p><img decoding=\"async\" class=\"size-large wp-image-2984\" src=\"https:\/\/www.solliden.fi\/wp-content\/uploads\/IMG_20180703_151516-1024x512.jpg\" alt=\"\" width=\"1024\" height=\"512\" srcset=\"https:\/\/www.solliden.fi\/wp-content\/uploads\/IMG_20180703_151516-1024x512.jpg 1024w, https:\/\/www.solliden.fi\/wp-content\/uploads\/IMG_20180703_151516-300x150.jpg 300w, https:\/\/www.solliden.fi\/wp-content\/uploads\/IMG_20180703_151516-768x384.jpg 768w, https:\/\/www.solliden.fi\/wp-content\/uploads\/IMG_20180703_151516-1080x540.jpg 1080w\" sizes=\"(max-width: 1024px) 100vw, 1024px\" \/><\/p>\n","protected":false},"excerpt":{"rendered":"<p>Mitt i den stora \u00e4ppeltr\u00e4dg\u00e5rden bakom caf\u00e9et finner ni den lilla stugbyn med fyra \u00f6vernattningsstugor vi kallar f\u00f6r \u00c4ppeltr\u00e4dg\u00e5rden. H\u00e4r bjuds ni in till enkel \u00f6vernattning i sm\u00e5, traditionella och charmiga stugor med sovplats f\u00f6r upp till fyra personer. Stugorna \u00e4r utrustade med ett litet pentry och matgrupp. Sovplats f\u00f6r fyra i form av en [&hellip;]<\/p>\n","protected":false},"author":1,"featured_media":3835,"parent":38,"menu_order":0,"comment_status":"closed","ping_status":"closed","template":"","meta":{"_uag_custom_page_level_css":"","site-sidebar-layout":"default","site-content-layout":"default","ast-site-content-layout":"default","site-content-style":"default","site-sidebar-style":"default","ast-global-header-display":"","ast-banner-title-visibility":"","ast-main-header-display":"","ast-hfb-above-header-display":"","ast-hfb-below-header-display":"","ast-hfb-mobile-header-display":"","site-post-title":"","ast-breadcrumbs-content":"","ast-featured-img":"","footer-sml-layout":"","ast-disable-related-posts":"","theme-transparent-header-meta":"default","adv-header-id-meta":"","stick-header-meta":"default","header-above-stick-meta":"","header-main-stick-meta":"","header-below-stick-meta":"","astra-migrate-meta-layouts":"default","ast-page-background-enabled":"default","ast-page-background-meta":{"desktop":{"background-color":"","background-image":"","background-repeat":"repeat","background-position":"center center","background-size":"auto","background-attachment":"scroll","background-type":"","background-media":"","overlay-type":"","overlay-color":"","overlay-opacity":"","overlay-gradient":""},"tablet":{"background-color":"","background-image":"","background-repeat":"repeat","background-position":"center center","background-size":"auto","background-attachment":"scroll","background-type":"","background-media":"","overlay-type":"","overlay-color":"","overlay-opacity":"","overlay-gradient":""},"mobile":{"background-color":"","background-image":"","background-repeat":"repeat","background-position":"center center","background-size":"auto","background-attachment":"scroll","background-type":"","background-media":"","overlay-type":"","overlay-color":"","overlay-opacity":"","overlay-gradient":""}},"ast-content-background-meta":{"desktop":{"background-color":"var(--ast-global-color-5)","background-image":"","background-repeat":"repeat","background-position":"center center","background-size":"auto","background-attachment":"scroll","background-type":"","background-media":"","overlay-type":"","overlay-color":"","overlay-opacity":"","overlay-gradient":""},"tablet":{"background-color":"var(--ast-global-color-5)","background-image":"","background-repeat":"repeat","background-position":"center center","background-size":"auto","background-attachment":"scroll","background-type":"","background-media":"","overlay-type":"","overlay-color":"","overlay-opacity":"","overlay-gradient":""},"mobile":{"background-color":"var(--ast-global-color-5)","background-image":"","background-repeat":"repeat","background-position":"center center","background-size":"auto","background-attachment":"scroll","background-type":"","background-media":"","overlay-type":"","overlay-color":"","overlay-opacity":"","overlay-gradient":""}},"footnotes":""},"class_list":["post-862","page","type-page","status-publish","has-post-thumbnail","hentry"],"yoast_head":"<!-- This site is optimized with the Yoast SEO plugin v27.4 - https:\/\/yoast.com\/product\/yoast-seo-wordpress\/ -->\n<title>\u00c4ppeltr\u00e4dg\u00e5rden - Solliden Camping<\/title>\n<meta name=\"robots\" content=\"index, follow, max-snippet:-1, max-image-preview:large, max-video-preview:-1\" \/>\n<link rel=\"canonical\" href=\"https:\/\/www.solliden.fi\/sv\/stugor\/appeltradgarden\/\" \/>\n<meta property=\"og:locale\" content=\"sv_SE\" \/>\n<meta property=\"og:type\" content=\"article\" \/>\n<meta property=\"og:title\" content=\"\u00c4ppeltr\u00e4dg\u00e5rden - Solliden Camping\" \/>\n<meta property=\"og:description\" content=\"Mitt i den stora \u00e4ppeltr\u00e4dg\u00e5rden bakom caf\u00e9et finner ni den lilla stugbyn med fyra \u00f6vernattningsstugor vi kallar f\u00f6r \u00c4ppeltr\u00e4dg\u00e5rden. H\u00e4r bjuds ni in till enkel \u00f6vernattning i sm\u00e5, traditionella och charmiga stugor med sovplats f\u00f6r upp till fyra personer. Stugorna \u00e4r utrustade med ett litet pentry och matgrupp. Sovplats f\u00f6r fyra i form av en [&hellip;]\" \/>\n<meta property=\"og:url\" content=\"https:\/\/www.solliden.fi\/sv\/stugor\/appeltradgarden\/\" \/>\n<meta property=\"og:site_name\" content=\"Solliden Camping\" \/>\n<meta property=\"article:modified_time\" content=\"2024-05-30T08:38:49+00:00\" \/>\n<meta property=\"og:image\" content=\"https:\/\/www.solliden.fi\/wp-content\/uploads\/\u00e4ppel-hemsida.jpg\" \/>\n\t<meta property=\"og:image:width\" content=\"1917\" \/>\n\t<meta property=\"og:image:height\" content=\"952\" \/>\n\t<meta property=\"og:image:type\" content=\"image\/jpeg\" \/>\n<meta name=\"twitter:label1\" content=\"Ber\u00e4knad l\u00e4stid\" \/>\n\t<meta name=\"twitter:data1\" content=\"2 minutes\" \/>\n<script type=\"application\/ld+json\" class=\"yoast-schema-graph\">{\"@context\":\"https:\\\/\\\/schema.org\",\"@graph\":[{\"@type\":\"WebPage\",\"@id\":\"https:\\\/\\\/www.solliden.fi\\\/sv\\\/stugor\\\/appeltradgarden\\\/\",\"url\":\"https:\\\/\\\/www.solliden.fi\\\/sv\\\/stugor\\\/appeltradgarden\\\/\",\"name\":\"\u00c4ppeltr\u00e4dg\u00e5rden - Solliden Camping\",\"isPartOf\":{\"@id\":\"https:\\\/\\\/www.solliden.fi\\\/sv\\\/#website\"},\"primaryImageOfPage\":{\"@id\":\"https:\\\/\\\/www.solliden.fi\\\/sv\\\/stugor\\\/appeltradgarden\\\/#primaryimage\"},\"image\":{\"@id\":\"https:\\\/\\\/www.solliden.fi\\\/sv\\\/stugor\\\/appeltradgarden\\\/#primaryimage\"},\"thumbnailUrl\":\"https:\\\/\\\/www.solliden.fi\\\/wp-content\\\/uploads\\\/\u00e4ppel-hemsida.jpg\",\"datePublished\":\"2015-03-02T21:37:28+00:00\",\"dateModified\":\"2024-05-30T08:38:49+00:00\",\"breadcrumb\":{\"@id\":\"https:\\\/\\\/www.solliden.fi\\\/sv\\\/stugor\\\/appeltradgarden\\\/#breadcrumb\"},\"inLanguage\":\"sv-SE\",\"potentialAction\":[{\"@type\":\"ReadAction\",\"target\":[\"https:\\\/\\\/www.solliden.fi\\\/sv\\\/stugor\\\/appeltradgarden\\\/\"]}]},{\"@type\":\"ImageObject\",\"inLanguage\":\"sv-SE\",\"@id\":\"https:\\\/\\\/www.solliden.fi\\\/sv\\\/stugor\\\/appeltradgarden\\\/#primaryimage\",\"url\":\"https:\\\/\\\/www.solliden.fi\\\/wp-content\\\/uploads\\\/\u00e4ppel-hemsida.jpg\",\"contentUrl\":\"https:\\\/\\\/www.solliden.fi\\\/wp-content\\\/uploads\\\/\u00e4ppel-hemsida.jpg\",\"width\":1917,\"height\":952},{\"@type\":\"BreadcrumbList\",\"@id\":\"https:\\\/\\\/www.solliden.fi\\\/sv\\\/stugor\\\/appeltradgarden\\\/#breadcrumb\",\"itemListElement\":[{\"@type\":\"ListItem\",\"position\":1,\"name\":\"Home\",\"item\":\"https:\\\/\\\/www.solliden.fi\\\/sv\\\/\"},{\"@type\":\"ListItem\",\"position\":2,\"name\":\"Stugor\",\"item\":\"https:\\\/\\\/www.solliden.fi\\\/sv\\\/stugor\\\/\"},{\"@type\":\"ListItem\",\"position\":3,\"name\":\"\u00c4ppeltr\u00e4dg\u00e5rden\"}]},{\"@type\":\"WebSite\",\"@id\":\"https:\\\/\\\/www.solliden.fi\\\/sv\\\/#website\",\"url\":\"https:\\\/\\\/www.solliden.fi\\\/sv\\\/\",\"name\":\"Solliden Camping\",\"description\":\"Leirint\u00e4alue Turun saaristossa\",\"publisher\":{\"@id\":\"https:\\\/\\\/www.solliden.fi\\\/sv\\\/#organization\"},\"potentialAction\":[{\"@type\":\"SearchAction\",\"target\":{\"@type\":\"EntryPoint\",\"urlTemplate\":\"https:\\\/\\\/www.solliden.fi\\\/sv\\\/?s={search_term_string}\"},\"query-input\":{\"@type\":\"PropertyValueSpecification\",\"valueRequired\":true,\"valueName\":\"search_term_string\"}}],\"inLanguage\":\"sv-SE\"},{\"@type\":\"Organization\",\"@id\":\"https:\\\/\\\/www.solliden.fi\\\/sv\\\/#organization\",\"name\":\"Solliden Camping\",\"url\":\"https:\\\/\\\/www.solliden.fi\\\/sv\\\/\",\"logo\":{\"@type\":\"ImageObject\",\"inLanguage\":\"sv-SE\",\"@id\":\"https:\\\/\\\/www.solliden.fi\\\/sv\\\/#\\\/schema\\\/logo\\\/image\\\/\",\"url\":\"https:\\\/\\\/www.solliden.fi\\\/wp-content\\\/uploads\\\/logo@2x.png\",\"contentUrl\":\"https:\\\/\\\/www.solliden.fi\\\/wp-content\\\/uploads\\\/logo@2x.png\",\"width\":510,\"height\":400,\"caption\":\"Solliden Camping\"},\"image\":{\"@id\":\"https:\\\/\\\/www.solliden.fi\\\/sv\\\/#\\\/schema\\\/logo\\\/image\\\/\"}}]}<\/script>\n<!-- \/ Yoast SEO plugin. -->","yoast_head_json":{"title":"\u00c4ppeltr\u00e4dg\u00e5rden - Solliden Camping","robots":{"index":"index","follow":"follow","max-snippet":"max-snippet:-1","max-image-preview":"max-image-preview:large","max-video-preview":"max-video-preview:-1"},"canonical":"https:\/\/www.solliden.fi\/sv\/stugor\/appeltradgarden\/","og_locale":"sv_SE","og_type":"article","og_title":"\u00c4ppeltr\u00e4dg\u00e5rden - Solliden Camping","og_description":"Mitt i den stora \u00e4ppeltr\u00e4dg\u00e5rden bakom caf\u00e9et finner ni den lilla stugbyn med fyra \u00f6vernattningsstugor vi kallar f\u00f6r \u00c4ppeltr\u00e4dg\u00e5rden. H\u00e4r bjuds ni in till enkel \u00f6vernattning i sm\u00e5, traditionella och charmiga stugor med sovplats f\u00f6r upp till fyra personer. Stugorna \u00e4r utrustade med ett litet pentry och matgrupp. Sovplats f\u00f6r fyra i form av en [&hellip;]","og_url":"https:\/\/www.solliden.fi\/sv\/stugor\/appeltradgarden\/","og_site_name":"Solliden Camping","article_modified_time":"2024-05-30T08:38:49+00:00","og_image":[{"width":1917,"height":952,"url":"https:\/\/www.solliden.fi\/wp-content\/uploads\/\u00e4ppel-hemsida.jpg","type":"image\/jpeg"}],"twitter_misc":{"Ber\u00e4knad l\u00e4stid":"2 minutes"},"schema":{"@context":"https:\/\/schema.org","@graph":[{"@type":"WebPage","@id":"https:\/\/www.solliden.fi\/sv\/stugor\/appeltradgarden\/","url":"https:\/\/www.solliden.fi\/sv\/stugor\/appeltradgarden\/","name":"\u00c4ppeltr\u00e4dg\u00e5rden - Solliden Camping","isPartOf":{"@id":"https:\/\/www.solliden.fi\/sv\/#website"},"primaryImageOfPage":{"@id":"https:\/\/www.solliden.fi\/sv\/stugor\/appeltradgarden\/#primaryimage"},"image":{"@id":"https:\/\/www.solliden.fi\/sv\/stugor\/appeltradgarden\/#primaryimage"},"thumbnailUrl":"https:\/\/www.solliden.fi\/wp-content\/uploads\/\u00e4ppel-hemsida.jpg","datePublished":"2015-03-02T21:37:28+00:00","dateModified":"2024-05-30T08:38:49+00:00","breadcrumb":{"@id":"https:\/\/www.solliden.fi\/sv\/stugor\/appeltradgarden\/#breadcrumb"},"inLanguage":"sv-SE","potentialAction":[{"@type":"ReadAction","target":["https:\/\/www.solliden.fi\/sv\/stugor\/appeltradgarden\/"]}]},{"@type":"ImageObject","inLanguage":"sv-SE","@id":"https:\/\/www.solliden.fi\/sv\/stugor\/appeltradgarden\/#primaryimage","url":"https:\/\/www.solliden.fi\/wp-content\/uploads\/\u00e4ppel-hemsida.jpg","contentUrl":"https:\/\/www.solliden.fi\/wp-content\/uploads\/\u00e4ppel-hemsida.jpg","width":1917,"height":952},{"@type":"BreadcrumbList","@id":"https:\/\/www.solliden.fi\/sv\/stugor\/appeltradgarden\/#breadcrumb","itemListElement":[{"@type":"ListItem","position":1,"name":"Home","item":"https:\/\/www.solliden.fi\/sv\/"},{"@type":"ListItem","position":2,"name":"Stugor","item":"https:\/\/www.solliden.fi\/sv\/stugor\/"},{"@type":"ListItem","position":3,"name":"\u00c4ppeltr\u00e4dg\u00e5rden"}]},{"@type":"WebSite","@id":"https:\/\/www.solliden.fi\/sv\/#website","url":"https:\/\/www.solliden.fi\/sv\/","name":"Solliden Camping","description":"Leirint\u00e4alue Turun saaristossa","publisher":{"@id":"https:\/\/www.solliden.fi\/sv\/#organization"},"potentialAction":[{"@type":"SearchAction","target":{"@type":"EntryPoint","urlTemplate":"https:\/\/www.solliden.fi\/sv\/?s={search_term_string}"},"query-input":{"@type":"PropertyValueSpecification","valueRequired":true,"valueName":"search_term_string"}}],"inLanguage":"sv-SE"},{"@type":"Organization","@id":"https:\/\/www.solliden.fi\/sv\/#organization","name":"Solliden Camping","url":"https:\/\/www.solliden.fi\/sv\/","logo":{"@type":"ImageObject","inLanguage":"sv-SE","@id":"https:\/\/www.solliden.fi\/sv\/#\/schema\/logo\/image\/","url":"https:\/\/www.solliden.fi\/wp-content\/uploads\/logo@2x.png","contentUrl":"https:\/\/www.solliden.fi\/wp-content\/uploads\/logo@2x.png","width":510,"height":400,"caption":"Solliden Camping"},"image":{"@id":"https:\/\/www.solliden.fi\/sv\/#\/schema\/logo\/image\/"}}]}},"uagb_featured_image_src":{"full":["https:\/\/www.solliden.fi\/wp-content\/uploads\/\u00e4ppel-hemsida.jpg",1917,952,false],"thumbnail":["https:\/\/www.solliden.fi\/wp-content\/uploads\/\u00e4ppel-hemsida-150x150.jpg",150,150,true],"medium":["https:\/\/www.solliden.fi\/wp-content\/uploads\/\u00e4ppel-hemsida-300x149.jpg",300,149,true],"medium_large":["https:\/\/www.solliden.fi\/wp-content\/uploads\/\u00e4ppel-hemsida-768x381.jpg",768,381,true],"large":["https:\/\/www.solliden.fi\/wp-content\/uploads\/\u00e4ppel-hemsida-1024x509.jpg",1024,509,true],"1536x1536":["https:\/\/www.solliden.fi\/wp-content\/uploads\/\u00e4ppel-hemsida-1536x763.jpg",1536,763,true],"2048x2048":["https:\/\/www.solliden.fi\/wp-content\/uploads\/\u00e4ppel-hemsida.jpg",1917,952,false],"gform-image-choice-sm":["https:\/\/www.solliden.fi\/wp-content\/uploads\/\u00e4ppel-hemsida.jpg",300,149,false],"gform-image-choice-md":["https:\/\/www.solliden.fi\/wp-content\/uploads\/\u00e4ppel-hemsida.jpg",400,199,false],"gform-image-choice-lg":["https:\/\/www.solliden.fi\/wp-content\/uploads\/\u00e4ppel-hemsida.jpg",600,298,false]},"uagb_author_info":{"display_name":"dzfrank","author_link":"https:\/\/www.solliden.fi\/sv\/author\/dzfrank\/"},"uagb_comment_info":0,"uagb_excerpt":"Mitt i den stora \u00e4ppeltr\u00e4dg\u00e5rden bakom caf\u00e9et finner ni den lilla stugbyn med fyra \u00f6vernattningsstugor vi kallar f\u00f6r \u00c4ppeltr\u00e4dg\u00e5rden. H\u00e4r bjuds ni in till enkel \u00f6vernattning i sm\u00e5, traditionella och charmiga stugor med sovplats f\u00f6r upp till fyra personer. Stugorna \u00e4r utrustade med ett litet pentry och matgrupp. Sovplats f\u00f6r fyra i form av en&hellip;","_links":{"self":[{"href":"https:\/\/www.solliden.fi\/sv\/wp-json\/wp\/v2\/pages\/862","targetHints":{"allow":["GET"]}}],"collection":[{"href":"https:\/\/www.solliden.fi\/sv\/wp-json\/wp\/v2\/pages"}],"about":[{"href":"https:\/\/www.solliden.fi\/sv\/wp-json\/wp\/v2\/types\/page"}],"author":[{"embeddable":true,"href":"https:\/\/www.solliden.fi\/sv\/wp-json\/wp\/v2\/users\/1"}],"replies":[{"embeddable":true,"href":"https:\/\/www.solliden.fi\/sv\/wp-json\/wp\/v2\/comments?post=862"}],"version-history":[{"count":1,"href":"https:\/\/www.solliden.fi\/sv\/wp-json\/wp\/v2\/pages\/862\/revisions"}],"predecessor-version":[{"id":6338,"href":"https:\/\/www.solliden.fi\/sv\/wp-json\/wp\/v2\/pages\/862\/revisions\/6338"}],"up":[{"embeddable":true,"href":"https:\/\/www.solliden.fi\/sv\/wp-json\/wp\/v2\/pages\/38"}],"wp:featuredmedia":[{"embeddable":true,"href":"https:\/\/www.solliden.fi\/sv\/wp-json\/wp\/v2\/media\/3835"}],"wp:attachment":[{"href":"https:\/\/www.solliden.fi\/sv\/wp-json\/wp\/v2\/media?parent=862"}],"curies":[{"name":"wp","href":"https:\/\/api.w.org\/{rel}","templated":true}]}}