{"id":870,"date":"2015-03-02T23:42:46","date_gmt":"2015-03-02T21:42:46","guid":{"rendered":"http:\/\/www.solliden.fi\/?page_id=870"},"modified":"2024-07-02T16:50:00","modified_gmt":"2024-07-02T13:50:00","slug":"solglantan","status":"publish","type":"page","link":"https:\/\/www.solliden.fi\/sv\/stugor\/solglantan\/","title":{"rendered":"Solgl\u00e4ntan"},"content":{"rendered":"<p>Solgl\u00e4ntan stugor finns det fyra st (nr 6-9).<br \/>\nTrevliga och enkla stugor med ett litet funktionellt k\u00f6k och liten toalett med dusch. H\u00e4r finns sovplats f\u00f6r fyra personer; tv\u00e5 i sovrummet (v\u00e5ningss\u00e4ng) som ligger i samma utrymme som k\u00f6ket (ingen d\u00f6rr) och tv\u00e5 i allrummet\u00a0 p\u00e5 en b\u00e4ddsoffa med sovbredd\u00a0 2 x 80&#215;200.<br \/>\nStugorna ligger uppe p\u00e5 en sl\u00e4nt (berg) och fr\u00e5n n\u00e4stan varje stugas veranda en fantastisk utsikt ner mot sj\u00f6n och badstranden. H\u00e4r kan man njuta av soliga dagar.<\/p>\n<p>I stugorna finns WC, dusch, kyl, mikrov\u00e5gsugn, kokplattor, kaffekokare.<br \/>\nT\u00e4cken och kuddar.<br \/>\nF\u00f6r matlagning: Porslin och bestick f\u00f6r fyra personer, kastruller. Om du saknar n\u00e5got, kontakta receptionen.<br \/>\nDisk- och st\u00e4dutrustning.<br \/>\nSovplatser: 4<\/p>\n<p><a href=\"https:\/\/www.solliden.fi\/sv\/stugor\/\">Villkor och pris<\/a><\/p>\n<p>Stuga nr 9 har en uppdaterad uteterass och omr\u00e5dets b\u00e4sta l\u00e4ge om man tycker om havsutsikt. Priss\u00e4ttningen d\u00e4rmed annorlunda (Deluxe).<\/p>\n<p><img decoding=\"async\" class=\"alignnone wp-image-4017 size-large\" src=\"https:\/\/www.solliden.fi\/wp-content\/uploads\/solgl\u00e4ntan-terrass-960x1024.jpg\" alt=\"\" width=\"960\" height=\"1024\" srcset=\"https:\/\/www.solliden.fi\/wp-content\/uploads\/solgl\u00e4ntan-terrass-960x1024.jpg 960w, https:\/\/www.solliden.fi\/wp-content\/uploads\/solgl\u00e4ntan-terrass-281x300.jpg 281w, https:\/\/www.solliden.fi\/wp-content\/uploads\/solgl\u00e4ntan-terrass-768x819.jpg 768w, https:\/\/www.solliden.fi\/wp-content\/uploads\/solgl\u00e4ntan-terrass.jpg 1224w\" sizes=\"(max-width: 960px) 100vw, 960px\" \/><\/p>\n<figure id=\"attachment_6454\" aria-describedby=\"caption-attachment-6454\" style=\"width: 768px\" class=\"wp-caption alignnone\"><img decoding=\"async\" class=\"wp-image-6454 size-large\" src=\"https:\/\/www.solliden.fi\/wp-content\/uploads\/20240628_145000-768x1024.jpg\" alt=\"\" width=\"768\" height=\"1024\" srcset=\"https:\/\/www.solliden.fi\/wp-content\/uploads\/20240628_145000-768x1024.jpg 768w, https:\/\/www.solliden.fi\/wp-content\/uploads\/20240628_145000-225x300.jpg 225w, https:\/\/www.solliden.fi\/wp-content\/uploads\/20240628_145000-1152x1536.jpg 1152w, https:\/\/www.solliden.fi\/wp-content\/uploads\/20240628_145000-1536x2048.jpg 1536w, https:\/\/www.solliden.fi\/wp-content\/uploads\/20240628_145000-scaled.jpg 1920w\" sizes=\"(max-width: 768px) 100vw, 768px\" \/><figcaption id=\"caption-attachment-6454\" class=\"wp-caption-text\">K\u00f6k<\/figcaption><\/figure>\n<figure id=\"attachment_6457\" aria-describedby=\"caption-attachment-6457\" style=\"width: 768px\" class=\"wp-caption alignnone\"><img decoding=\"async\" class=\"wp-image-6457 size-large\" src=\"https:\/\/www.solliden.fi\/wp-content\/uploads\/20240628_145012-768x1024.jpg\" alt=\"\" width=\"768\" height=\"1024\" srcset=\"https:\/\/www.solliden.fi\/wp-content\/uploads\/20240628_145012-768x1024.jpg 768w, https:\/\/www.solliden.fi\/wp-content\/uploads\/20240628_145012-225x300.jpg 225w, https:\/\/www.solliden.fi\/wp-content\/uploads\/20240628_145012-1152x1536.jpg 1152w, https:\/\/www.solliden.fi\/wp-content\/uploads\/20240628_145012-1536x2048.jpg 1536w, https:\/\/www.solliden.fi\/wp-content\/uploads\/20240628_145012-scaled.jpg 1920w\" sizes=\"(max-width: 768px) 100vw, 768px\" \/><figcaption id=\"caption-attachment-6457\" class=\"wp-caption-text\">V\u00e5ningss\u00e4ng<\/figcaption><\/figure>\n<figure id=\"attachment_6460\" aria-describedby=\"caption-attachment-6460\" style=\"width: 768px\" class=\"wp-caption alignnone\"><img decoding=\"async\" class=\"wp-image-6460 size-large\" src=\"https:\/\/www.solliden.fi\/wp-content\/uploads\/20240628_145048-768x1024.jpg\" alt=\"\" width=\"768\" height=\"1024\" srcset=\"https:\/\/www.solliden.fi\/wp-content\/uploads\/20240628_145048-768x1024.jpg 768w, https:\/\/www.solliden.fi\/wp-content\/uploads\/20240628_145048-225x300.jpg 225w, https:\/\/www.solliden.fi\/wp-content\/uploads\/20240628_145048-1152x1536.jpg 1152w, https:\/\/www.solliden.fi\/wp-content\/uploads\/20240628_145048-1536x2048.jpg 1536w, https:\/\/www.solliden.fi\/wp-content\/uploads\/20240628_145048-scaled.jpg 1920w\" sizes=\"(max-width: 768px) 100vw, 768px\" \/><figcaption id=\"caption-attachment-6460\" class=\"wp-caption-text\">Vardagsrum och b\u00e4ddsoffa i bakgrunden<\/figcaption><\/figure>\n<figure id=\"attachment_6463\" aria-describedby=\"caption-attachment-6463\" style=\"width: 768px\" class=\"wp-caption alignnone\"><img decoding=\"async\" class=\"size-large wp-image-6463\" src=\"https:\/\/www.solliden.fi\/wp-content\/uploads\/20240628_144940-768x1024.jpg\" alt=\"\" width=\"768\" height=\"1024\" srcset=\"https:\/\/www.solliden.fi\/wp-content\/uploads\/20240628_144940-768x1024.jpg 768w, https:\/\/www.solliden.fi\/wp-content\/uploads\/20240628_144940-225x300.jpg 225w, https:\/\/www.solliden.fi\/wp-content\/uploads\/20240628_144940-1152x1536.jpg 1152w, https:\/\/www.solliden.fi\/wp-content\/uploads\/20240628_144940-1536x2048.jpg 1536w, https:\/\/www.solliden.fi\/wp-content\/uploads\/20240628_144940-scaled.jpg 1920w\" sizes=\"(max-width: 768px) 100vw, 768px\" \/><figcaption id=\"caption-attachment-6463\" class=\"wp-caption-text\">Toalett\/dusch<\/figcaption><\/figure>\n<figure id=\"attachment_6466\" aria-describedby=\"caption-attachment-6466\" style=\"width: 1024px\" class=\"wp-caption alignnone\"><img decoding=\"async\" class=\"wp-image-6466 size-large\" src=\"https:\/\/www.solliden.fi\/wp-content\/uploads\/20240628_145324-1024x768.jpg\" alt=\"\" width=\"1024\" height=\"768\" srcset=\"https:\/\/www.solliden.fi\/wp-content\/uploads\/20240628_145324-1024x768.jpg 1024w, https:\/\/www.solliden.fi\/wp-content\/uploads\/20240628_145324-300x225.jpg 300w, https:\/\/www.solliden.fi\/wp-content\/uploads\/20240628_145324-768x576.jpg 768w, https:\/\/www.solliden.fi\/wp-content\/uploads\/20240628_145324-1536x1152.jpg 1536w, https:\/\/www.solliden.fi\/wp-content\/uploads\/20240628_145324-2048x1536.jpg 2048w\" sizes=\"(max-width: 1024px) 100vw, 1024px\" \/><figcaption id=\"caption-attachment-6466\" class=\"wp-caption-text\">Terrass stugor 6-8 (Standard)<\/figcaption><\/figure>\n<figure id=\"attachment_6469\" aria-describedby=\"caption-attachment-6469\" style=\"width: 1024px\" class=\"wp-caption alignnone\"><img decoding=\"async\" class=\"wp-image-6469 size-large\" src=\"https:\/\/www.solliden.fi\/wp-content\/uploads\/20240628_144736-1024x768.jpg\" alt=\"\" width=\"1024\" height=\"768\" srcset=\"https:\/\/www.solliden.fi\/wp-content\/uploads\/20240628_144736-1024x768.jpg 1024w, https:\/\/www.solliden.fi\/wp-content\/uploads\/20240628_144736-300x225.jpg 300w, https:\/\/www.solliden.fi\/wp-content\/uploads\/20240628_144736-768x576.jpg 768w, https:\/\/www.solliden.fi\/wp-content\/uploads\/20240628_144736-1536x1152.jpg 1536w, https:\/\/www.solliden.fi\/wp-content\/uploads\/20240628_144736-2048x1536.jpg 2048w\" sizes=\"(max-width: 1024px) 100vw, 1024px\" \/><figcaption id=\"caption-attachment-6469\" class=\"wp-caption-text\">Terass stuga i nummer 9 (Deluxe)<\/figcaption><\/figure>\n","protected":false},"excerpt":{"rendered":"<p>Solgl\u00e4ntan stugor finns det fyra st (nr 6-9). Trevliga och enkla stugor med ett litet funktionellt k\u00f6k och liten toalett med dusch. H\u00e4r finns sovplats f\u00f6r fyra personer; tv\u00e5 i sovrummet (v\u00e5ningss\u00e4ng) som ligger i samma utrymme som k\u00f6ket (ingen d\u00f6rr) och tv\u00e5 i allrummet\u00a0 p\u00e5 en b\u00e4ddsoffa med sovbredd\u00a0 2 x 80&#215;200. Stugorna ligger [&hellip;]<\/p>\n","protected":false},"author":1,"featured_media":4017,"parent":38,"menu_order":1,"comment_status":"closed","ping_status":"closed","template":"","meta":{"_uag_custom_page_level_css":"","site-sidebar-layout":"default","site-content-layout":"default","ast-site-content-layout":"default","site-content-style":"default","site-sidebar-style":"default","ast-global-header-display":"","ast-banner-title-visibility":"","ast-main-header-display":"","ast-hfb-above-header-display":"","ast-hfb-below-header-display":"","ast-hfb-mobile-header-display":"","site-post-title":"","ast-breadcrumbs-content":"","ast-featured-img":"","footer-sml-layout":"","ast-disable-related-posts":"","theme-transparent-header-meta":"default","adv-header-id-meta":"","stick-header-meta":"default","header-above-stick-meta":"","header-main-stick-meta":"","header-below-stick-meta":"","astra-migrate-meta-layouts":"set","ast-page-background-enabled":"default","ast-page-background-meta":{"desktop":{"background-color":"","background-image":"","background-repeat":"repeat","background-position":"center center","background-size":"auto","background-attachment":"scroll","background-type":"","background-media":"","overlay-type":"","overlay-color":"","overlay-opacity":"","overlay-gradient":""},"tablet":{"background-color":"","background-image":"","background-repeat":"repeat","background-position":"center center","background-size":"auto","background-attachment":"scroll","background-type":"","background-media":"","overlay-type":"","overlay-color":"","overlay-opacity":"","overlay-gradient":""},"mobile":{"background-color":"","background-image":"","background-repeat":"repeat","background-position":"center center","background-size":"auto","background-attachment":"scroll","background-type":"","background-media":"","overlay-type":"","overlay-color":"","overlay-opacity":"","overlay-gradient":""}},"ast-content-background-meta":{"desktop":{"background-color":"var(--ast-global-color-5)","background-image":"","background-repeat":"repeat","background-position":"center center","background-size":"auto","background-attachment":"scroll","background-type":"","background-media":"","overlay-type":"","overlay-color":"","overlay-opacity":"","overlay-gradient":""},"tablet":{"background-color":"var(--ast-global-color-5)","background-image":"","background-repeat":"repeat","background-position":"center center","background-size":"auto","background-attachment":"scroll","background-type":"","background-media":"","overlay-type":"","overlay-color":"","overlay-opacity":"","overlay-gradient":""},"mobile":{"background-color":"var(--ast-global-color-5)","background-image":"","background-repeat":"repeat","background-position":"center center","background-size":"auto","background-attachment":"scroll","background-type":"","background-media":"","overlay-type":"","overlay-color":"","overlay-opacity":"","overlay-gradient":""}},"footnotes":""},"class_list":["post-870","page","type-page","status-publish","has-post-thumbnail","hentry"],"yoast_head":"<!-- This site is optimized with the Yoast SEO plugin v27.5 - https:\/\/yoast.com\/product\/yoast-seo-wordpress\/ -->\n<title>Solgl\u00e4ntan - Solliden Camping<\/title>\n<meta name=\"robots\" content=\"index, follow, max-snippet:-1, max-image-preview:large, max-video-preview:-1\" \/>\n<link rel=\"canonical\" href=\"https:\/\/www.solliden.fi\/sv\/stugor\/solglantan\/\" \/>\n<meta property=\"og:locale\" content=\"sv_SE\" \/>\n<meta property=\"og:type\" content=\"article\" \/>\n<meta property=\"og:title\" content=\"Solgl\u00e4ntan - Solliden Camping\" \/>\n<meta property=\"og:description\" content=\"Solgl\u00e4ntan stugor finns det fyra st (nr 6-9). Trevliga och enkla stugor med ett litet funktionellt k\u00f6k och liten toalett med dusch. H\u00e4r finns sovplats f\u00f6r fyra personer; tv\u00e5 i sovrummet (v\u00e5ningss\u00e4ng) som ligger i samma utrymme som k\u00f6ket (ingen d\u00f6rr) och tv\u00e5 i allrummet\u00a0 p\u00e5 en b\u00e4ddsoffa med sovbredd\u00a0 2 x 80&#215;200. Stugorna ligger [&hellip;]\" \/>\n<meta property=\"og:url\" content=\"https:\/\/www.solliden.fi\/sv\/stugor\/solglantan\/\" \/>\n<meta property=\"og:site_name\" content=\"Solliden Camping\" \/>\n<meta property=\"article:modified_time\" content=\"2024-07-02T13:50:00+00:00\" \/>\n<meta property=\"og:image\" content=\"https:\/\/www.solliden.fi\/wp-content\/uploads\/solgl\u00e4ntan-terrass.jpg\" \/>\n\t<meta property=\"og:image:width\" content=\"1224\" \/>\n\t<meta property=\"og:image:height\" content=\"1306\" \/>\n\t<meta property=\"og:image:type\" content=\"image\/jpeg\" \/>\n<meta name=\"twitter:label1\" content=\"Ber\u00e4knad l\u00e4stid\" \/>\n\t<meta name=\"twitter:data1\" content=\"3 minutes\" \/>\n<script type=\"application\/ld+json\" class=\"yoast-schema-graph\">{\"@context\":\"https:\\\/\\\/schema.org\",\"@graph\":[{\"@type\":\"WebPage\",\"@id\":\"https:\\\/\\\/www.solliden.fi\\\/sv\\\/stugor\\\/solglantan\\\/\",\"url\":\"https:\\\/\\\/www.solliden.fi\\\/sv\\\/stugor\\\/solglantan\\\/\",\"name\":\"Solgl\u00e4ntan - Solliden Camping\",\"isPartOf\":{\"@id\":\"https:\\\/\\\/www.solliden.fi\\\/sv\\\/#website\"},\"primaryImageOfPage\":{\"@id\":\"https:\\\/\\\/www.solliden.fi\\\/sv\\\/stugor\\\/solglantan\\\/#primaryimage\"},\"image\":{\"@id\":\"https:\\\/\\\/www.solliden.fi\\\/sv\\\/stugor\\\/solglantan\\\/#primaryimage\"},\"thumbnailUrl\":\"https:\\\/\\\/www.solliden.fi\\\/wp-content\\\/uploads\\\/solgl\u00e4ntan-terrass.jpg\",\"datePublished\":\"2015-03-02T21:42:46+00:00\",\"dateModified\":\"2024-07-02T13:50:00+00:00\",\"breadcrumb\":{\"@id\":\"https:\\\/\\\/www.solliden.fi\\\/sv\\\/stugor\\\/solglantan\\\/#breadcrumb\"},\"inLanguage\":\"sv-SE\",\"potentialAction\":[{\"@type\":\"ReadAction\",\"target\":[\"https:\\\/\\\/www.solliden.fi\\\/sv\\\/stugor\\\/solglantan\\\/\"]}]},{\"@type\":\"ImageObject\",\"inLanguage\":\"sv-SE\",\"@id\":\"https:\\\/\\\/www.solliden.fi\\\/sv\\\/stugor\\\/solglantan\\\/#primaryimage\",\"url\":\"https:\\\/\\\/www.solliden.fi\\\/wp-content\\\/uploads\\\/solgl\u00e4ntan-terrass.jpg\",\"contentUrl\":\"https:\\\/\\\/www.solliden.fi\\\/wp-content\\\/uploads\\\/solgl\u00e4ntan-terrass.jpg\",\"width\":1224,\"height\":1306},{\"@type\":\"BreadcrumbList\",\"@id\":\"https:\\\/\\\/www.solliden.fi\\\/sv\\\/stugor\\\/solglantan\\\/#breadcrumb\",\"itemListElement\":[{\"@type\":\"ListItem\",\"position\":1,\"name\":\"Home\",\"item\":\"https:\\\/\\\/www.solliden.fi\\\/sv\\\/\"},{\"@type\":\"ListItem\",\"position\":2,\"name\":\"Stugor\",\"item\":\"https:\\\/\\\/www.solliden.fi\\\/sv\\\/stugor\\\/\"},{\"@type\":\"ListItem\",\"position\":3,\"name\":\"Solgl\u00e4ntan\"}]},{\"@type\":\"WebSite\",\"@id\":\"https:\\\/\\\/www.solliden.fi\\\/sv\\\/#website\",\"url\":\"https:\\\/\\\/www.solliden.fi\\\/sv\\\/\",\"name\":\"Solliden Camping\",\"description\":\"Leirint\u00e4alue Turun saaristossa\",\"publisher\":{\"@id\":\"https:\\\/\\\/www.solliden.fi\\\/sv\\\/#organization\"},\"potentialAction\":[{\"@type\":\"SearchAction\",\"target\":{\"@type\":\"EntryPoint\",\"urlTemplate\":\"https:\\\/\\\/www.solliden.fi\\\/sv\\\/?s={search_term_string}\"},\"query-input\":{\"@type\":\"PropertyValueSpecification\",\"valueRequired\":true,\"valueName\":\"search_term_string\"}}],\"inLanguage\":\"sv-SE\"},{\"@type\":\"Organization\",\"@id\":\"https:\\\/\\\/www.solliden.fi\\\/sv\\\/#organization\",\"name\":\"Solliden Camping\",\"url\":\"https:\\\/\\\/www.solliden.fi\\\/sv\\\/\",\"logo\":{\"@type\":\"ImageObject\",\"inLanguage\":\"sv-SE\",\"@id\":\"https:\\\/\\\/www.solliden.fi\\\/sv\\\/#\\\/schema\\\/logo\\\/image\\\/\",\"url\":\"https:\\\/\\\/www.solliden.fi\\\/wp-content\\\/uploads\\\/logo@2x.png\",\"contentUrl\":\"https:\\\/\\\/www.solliden.fi\\\/wp-content\\\/uploads\\\/logo@2x.png\",\"width\":510,\"height\":400,\"caption\":\"Solliden Camping\"},\"image\":{\"@id\":\"https:\\\/\\\/www.solliden.fi\\\/sv\\\/#\\\/schema\\\/logo\\\/image\\\/\"}}]}<\/script>\n<!-- \/ Yoast SEO plugin. -->","yoast_head_json":{"title":"Solgl\u00e4ntan - Solliden Camping","robots":{"index":"index","follow":"follow","max-snippet":"max-snippet:-1","max-image-preview":"max-image-preview:large","max-video-preview":"max-video-preview:-1"},"canonical":"https:\/\/www.solliden.fi\/sv\/stugor\/solglantan\/","og_locale":"sv_SE","og_type":"article","og_title":"Solgl\u00e4ntan - Solliden Camping","og_description":"Solgl\u00e4ntan stugor finns det fyra st (nr 6-9). Trevliga och enkla stugor med ett litet funktionellt k\u00f6k och liten toalett med dusch. H\u00e4r finns sovplats f\u00f6r fyra personer; tv\u00e5 i sovrummet (v\u00e5ningss\u00e4ng) som ligger i samma utrymme som k\u00f6ket (ingen d\u00f6rr) och tv\u00e5 i allrummet\u00a0 p\u00e5 en b\u00e4ddsoffa med sovbredd\u00a0 2 x 80&#215;200. Stugorna ligger [&hellip;]","og_url":"https:\/\/www.solliden.fi\/sv\/stugor\/solglantan\/","og_site_name":"Solliden Camping","article_modified_time":"2024-07-02T13:50:00+00:00","og_image":[{"width":1224,"height":1306,"url":"https:\/\/www.solliden.fi\/wp-content\/uploads\/solgl\u00e4ntan-terrass.jpg","type":"image\/jpeg"}],"twitter_misc":{"Ber\u00e4knad l\u00e4stid":"3 minutes"},"schema":{"@context":"https:\/\/schema.org","@graph":[{"@type":"WebPage","@id":"https:\/\/www.solliden.fi\/sv\/stugor\/solglantan\/","url":"https:\/\/www.solliden.fi\/sv\/stugor\/solglantan\/","name":"Solgl\u00e4ntan - Solliden Camping","isPartOf":{"@id":"https:\/\/www.solliden.fi\/sv\/#website"},"primaryImageOfPage":{"@id":"https:\/\/www.solliden.fi\/sv\/stugor\/solglantan\/#primaryimage"},"image":{"@id":"https:\/\/www.solliden.fi\/sv\/stugor\/solglantan\/#primaryimage"},"thumbnailUrl":"https:\/\/www.solliden.fi\/wp-content\/uploads\/solgl\u00e4ntan-terrass.jpg","datePublished":"2015-03-02T21:42:46+00:00","dateModified":"2024-07-02T13:50:00+00:00","breadcrumb":{"@id":"https:\/\/www.solliden.fi\/sv\/stugor\/solglantan\/#breadcrumb"},"inLanguage":"sv-SE","potentialAction":[{"@type":"ReadAction","target":["https:\/\/www.solliden.fi\/sv\/stugor\/solglantan\/"]}]},{"@type":"ImageObject","inLanguage":"sv-SE","@id":"https:\/\/www.solliden.fi\/sv\/stugor\/solglantan\/#primaryimage","url":"https:\/\/www.solliden.fi\/wp-content\/uploads\/solgl\u00e4ntan-terrass.jpg","contentUrl":"https:\/\/www.solliden.fi\/wp-content\/uploads\/solgl\u00e4ntan-terrass.jpg","width":1224,"height":1306},{"@type":"BreadcrumbList","@id":"https:\/\/www.solliden.fi\/sv\/stugor\/solglantan\/#breadcrumb","itemListElement":[{"@type":"ListItem","position":1,"name":"Home","item":"https:\/\/www.solliden.fi\/sv\/"},{"@type":"ListItem","position":2,"name":"Stugor","item":"https:\/\/www.solliden.fi\/sv\/stugor\/"},{"@type":"ListItem","position":3,"name":"Solgl\u00e4ntan"}]},{"@type":"WebSite","@id":"https:\/\/www.solliden.fi\/sv\/#website","url":"https:\/\/www.solliden.fi\/sv\/","name":"Solliden Camping","description":"Leirint\u00e4alue Turun saaristossa","publisher":{"@id":"https:\/\/www.solliden.fi\/sv\/#organization"},"potentialAction":[{"@type":"SearchAction","target":{"@type":"EntryPoint","urlTemplate":"https:\/\/www.solliden.fi\/sv\/?s={search_term_string}"},"query-input":{"@type":"PropertyValueSpecification","valueRequired":true,"valueName":"search_term_string"}}],"inLanguage":"sv-SE"},{"@type":"Organization","@id":"https:\/\/www.solliden.fi\/sv\/#organization","name":"Solliden Camping","url":"https:\/\/www.solliden.fi\/sv\/","logo":{"@type":"ImageObject","inLanguage":"sv-SE","@id":"https:\/\/www.solliden.fi\/sv\/#\/schema\/logo\/image\/","url":"https:\/\/www.solliden.fi\/wp-content\/uploads\/logo@2x.png","contentUrl":"https:\/\/www.solliden.fi\/wp-content\/uploads\/logo@2x.png","width":510,"height":400,"caption":"Solliden Camping"},"image":{"@id":"https:\/\/www.solliden.fi\/sv\/#\/schema\/logo\/image\/"}}]}},"uagb_featured_image_src":{"full":["https:\/\/www.solliden.fi\/wp-content\/uploads\/solgl\u00e4ntan-terrass.jpg",1224,1306,false],"thumbnail":["https:\/\/www.solliden.fi\/wp-content\/uploads\/solgl\u00e4ntan-terrass-150x150.jpg",150,150,true],"medium":["https:\/\/www.solliden.fi\/wp-content\/uploads\/solgl\u00e4ntan-terrass-281x300.jpg",281,300,true],"medium_large":["https:\/\/www.solliden.fi\/wp-content\/uploads\/solgl\u00e4ntan-terrass-768x819.jpg",768,819,true],"large":["https:\/\/www.solliden.fi\/wp-content\/uploads\/solgl\u00e4ntan-terrass-960x1024.jpg",960,1024,true],"1536x1536":["https:\/\/www.solliden.fi\/wp-content\/uploads\/solgl\u00e4ntan-terrass.jpg",1224,1306,false],"2048x2048":["https:\/\/www.solliden.fi\/wp-content\/uploads\/solgl\u00e4ntan-terrass.jpg",1224,1306,false],"gform-image-choice-sm":["https:\/\/www.solliden.fi\/wp-content\/uploads\/solgl\u00e4ntan-terrass.jpg",281,300,false],"gform-image-choice-md":["https:\/\/www.solliden.fi\/wp-content\/uploads\/solgl\u00e4ntan-terrass.jpg",375,400,false],"gform-image-choice-lg":["https:\/\/www.solliden.fi\/wp-content\/uploads\/solgl\u00e4ntan-terrass.jpg",562,600,false]},"uagb_author_info":{"display_name":"dzfrank","author_link":"https:\/\/www.solliden.fi\/sv\/author\/dzfrank\/"},"uagb_comment_info":0,"uagb_excerpt":"Solgl\u00e4ntan stugor finns det fyra st (nr 6-9). Trevliga och enkla stugor med ett litet funktionellt k\u00f6k och liten toalett med dusch. H\u00e4r finns sovplats f\u00f6r fyra personer; tv\u00e5 i sovrummet (v\u00e5ningss\u00e4ng) som ligger i samma utrymme som k\u00f6ket (ingen d\u00f6rr) och tv\u00e5 i allrummet\u00a0 p\u00e5 en b\u00e4ddsoffa med sovbredd\u00a0 2 x 80&#215;200. Stugorna ligger&hellip;","_links":{"self":[{"href":"https:\/\/www.solliden.fi\/sv\/wp-json\/wp\/v2\/pages\/870","targetHints":{"allow":["GET"]}}],"collection":[{"href":"https:\/\/www.solliden.fi\/sv\/wp-json\/wp\/v2\/pages"}],"about":[{"href":"https:\/\/www.solliden.fi\/sv\/wp-json\/wp\/v2\/types\/page"}],"author":[{"embeddable":true,"href":"https:\/\/www.solliden.fi\/sv\/wp-json\/wp\/v2\/users\/1"}],"replies":[{"embeddable":true,"href":"https:\/\/www.solliden.fi\/sv\/wp-json\/wp\/v2\/comments?post=870"}],"version-history":[{"count":2,"href":"https:\/\/www.solliden.fi\/sv\/wp-json\/wp\/v2\/pages\/870\/revisions"}],"predecessor-version":[{"id":6472,"href":"https:\/\/www.solliden.fi\/sv\/wp-json\/wp\/v2\/pages\/870\/revisions\/6472"}],"up":[{"embeddable":true,"href":"https:\/\/www.solliden.fi\/sv\/wp-json\/wp\/v2\/pages\/38"}],"wp:featuredmedia":[{"embeddable":true,"href":"https:\/\/www.solliden.fi\/sv\/wp-json\/wp\/v2\/media\/4017"}],"wp:attachment":[{"href":"https:\/\/www.solliden.fi\/sv\/wp-json\/wp\/v2\/media?parent=870"}],"curies":[{"name":"wp","href":"https:\/\/api.w.org\/{rel}","templated":true}]}}