{"id":874,"date":"2015-03-02T23:44:29","date_gmt":"2015-03-02T21:44:29","guid":{"rendered":"http:\/\/www.solliden.fi\/?page_id=874"},"modified":"2024-05-30T11:39:14","modified_gmt":"2024-05-30T08:39:14","slug":"lugnet","status":"publish","type":"page","link":"https:\/\/www.solliden.fi\/sv\/stugor\/lugnet\/","title":{"rendered":"Lugnet"},"content":{"rendered":"<p>Charmen med att campa \u00e4r ofta att bo enklare \u00e4n hemma och det \u00e4r precis vad ni g\u00f6r i stugorna i Lugnet. Stugorna har en v\u00e5ningss\u00e4ng och en enkels\u00e4ng. H\u00e4r bor ni lugnt och enkelt, ingen toalett eller rinnande vatten. Passar perfekt f\u00f6r en enkel semester enligt devisen &#8220;less is more&#8221;. I denna lilla stugby med sex stugor i den h\u00e4r kategorin finns en h\u00e4rlig bergsnatur med stigar och str\u00e5k, samt en hisnande vy \u00f6ver vattnet nedanf\u00f6r. Och Lugnet.<\/p>\n<p><strong>V\u00e4nligen notera:<\/strong> vi rekommenderar inte dessa stugor \u00e5t personer som har sv\u00e5rt att g\u00e5. Till stugorna kommer man endast till fots l\u00e4ngs stigar som \u00e4r st\u00e4llvis branta. Avst\u00e5nd att g\u00e5 ca 30-100 meter fr\u00e5n parkeringen nedanf\u00f6r Lugnet-stugbyn<\/p>\n<p>Storlek: 9 m\u00b2 (3x3m)<br \/>I stugorna finns kylsk\u00e5p och f\u00f6ljande utrustning: t\u00e4cken, kuddar. St\u00e4dutrustning.<br \/>Sovrum: 0<br \/>Sovplatser: 3<br \/>K\u00f6k: Nej<br \/>WC \/ Dusch \/Bastu: Nej, wc och dusch i den n\u00e4rliggande servicebyggnaden, avst\u00e5nd 50-150 m beroende p\u00e5 stuga<\/p>\n<p><a href=\"https:\/\/www.solliden.fi\/sv\/stugor\/\">Villkor och pris<\/a><\/p>\n<p><a href=\"http:\/\/www.solliden.fi\/wp-content\/uploads\/Solliden23.jpg\"><img decoding=\"async\" class=\"aligncenter wp-image-525 size-large\" src=\"http:\/\/www.solliden.fi\/wp-content\/uploads\/Solliden23-1024x647.jpg\" alt=\"Solliden23\" width=\"1024\" height=\"647\" srcset=\"https:\/\/www.solliden.fi\/wp-content\/uploads\/Solliden23-1024x647.jpg 1024w, https:\/\/www.solliden.fi\/wp-content\/uploads\/Solliden23-300x190.jpg 300w, https:\/\/www.solliden.fi\/wp-content\/uploads\/Solliden23-768x485.jpg 768w, https:\/\/www.solliden.fi\/wp-content\/uploads\/Solliden23-1080x683.jpg 1080w, https:\/\/www.solliden.fi\/wp-content\/uploads\/Solliden23-20x13.jpg 20w\" sizes=\"(max-width: 1024px) 100vw, 1024px\" \/><\/a><\/p>\n<p><img decoding=\"async\" class=\"size-large wp-image-3007\" src=\"https:\/\/www.solliden.fi\/wp-content\/uploads\/IMG_20180703_142132-1-1024x512.jpg\" alt=\"\" width=\"1024\" height=\"512\" srcset=\"https:\/\/www.solliden.fi\/wp-content\/uploads\/IMG_20180703_142132-1-1024x512.jpg 1024w, https:\/\/www.solliden.fi\/wp-content\/uploads\/IMG_20180703_142132-1-300x150.jpg 300w, https:\/\/www.solliden.fi\/wp-content\/uploads\/IMG_20180703_142132-1-768x384.jpg 768w, https:\/\/www.solliden.fi\/wp-content\/uploads\/IMG_20180703_142132-1-1080x540.jpg 1080w\" sizes=\"(max-width: 1024px) 100vw, 1024px\" \/><\/p>\n<p><img decoding=\"async\" class=\"wp-image-3086 size-large\" src=\"https:\/\/www.solliden.fi\/wp-content\/uploads\/IMG_20180703_141838-1-1024x512.jpg\" alt=\"\" width=\"1024\" height=\"512\" srcset=\"https:\/\/www.solliden.fi\/wp-content\/uploads\/IMG_20180703_141838-1-1024x512.jpg 1024w, https:\/\/www.solliden.fi\/wp-content\/uploads\/IMG_20180703_141838-1-300x150.jpg 300w, https:\/\/www.solliden.fi\/wp-content\/uploads\/IMG_20180703_141838-1-768x384.jpg 768w, https:\/\/www.solliden.fi\/wp-content\/uploads\/IMG_20180703_141838-1-1080x540.jpg 1080w, https:\/\/www.solliden.fi\/wp-content\/uploads\/IMG_20180703_141838-1-20x10.jpg 20w\" sizes=\"(max-width: 1024px) 100vw, 1024px\" \/><\/p>\n\n\n<figure class=\"wp-block-image size-large\"><img decoding=\"async\" width=\"575\" height=\"1024\" src=\"https:\/\/www.solliden.fi\/wp-content\/uploads\/WP_20150508_018-575x1024.jpg\" alt=\"\" class=\"wp-image-1355\" srcset=\"https:\/\/www.solliden.fi\/wp-content\/uploads\/WP_20150508_018-575x1024.jpg 575w, https:\/\/www.solliden.fi\/wp-content\/uploads\/WP_20150508_018-168x300.jpg 168w, https:\/\/www.solliden.fi\/wp-content\/uploads\/WP_20150508_018.jpg 916w\" sizes=\"(max-width: 575px) 100vw, 575px\" \/><\/figure>\n","protected":false},"excerpt":{"rendered":"<p>Charmen med att campa \u00e4r ofta att bo enklare \u00e4n hemma och det \u00e4r precis vad ni g\u00f6r i stugorna i Lugnet. Stugorna har en v\u00e5ningss\u00e4ng och en enkels\u00e4ng. H\u00e4r bor ni lugnt och enkelt, ingen toalett eller rinnande vatten. Passar perfekt f\u00f6r en enkel semester enligt devisen &#8220;less is more&#8221;. I denna lilla stugby [&hellip;]<\/p>\n","protected":false},"author":1,"featured_media":3188,"parent":38,"menu_order":2,"comment_status":"closed","ping_status":"closed","template":"","meta":{"_uag_custom_page_level_css":"","site-sidebar-layout":"default","site-content-layout":"default","ast-site-content-layout":"default","site-content-style":"default","site-sidebar-style":"default","ast-global-header-display":"","ast-banner-title-visibility":"","ast-main-header-display":"","ast-hfb-above-header-display":"","ast-hfb-below-header-display":"","ast-hfb-mobile-header-display":"","site-post-title":"","ast-breadcrumbs-content":"","ast-featured-img":"","footer-sml-layout":"","ast-disable-related-posts":"","theme-transparent-header-meta":"default","adv-header-id-meta":"","stick-header-meta":"default","header-above-stick-meta":"","header-main-stick-meta":"","header-below-stick-meta":"","astra-migrate-meta-layouts":"default","ast-page-background-enabled":"default","ast-page-background-meta":{"desktop":{"background-color":"","background-image":"","background-repeat":"repeat","background-position":"center center","background-size":"auto","background-attachment":"scroll","background-type":"","background-media":"","overlay-type":"","overlay-color":"","overlay-opacity":"","overlay-gradient":""},"tablet":{"background-color":"","background-image":"","background-repeat":"repeat","background-position":"center center","background-size":"auto","background-attachment":"scroll","background-type":"","background-media":"","overlay-type":"","overlay-color":"","overlay-opacity":"","overlay-gradient":""},"mobile":{"background-color":"","background-image":"","background-repeat":"repeat","background-position":"center center","background-size":"auto","background-attachment":"scroll","background-type":"","background-media":"","overlay-type":"","overlay-color":"","overlay-opacity":"","overlay-gradient":""}},"ast-content-background-meta":{"desktop":{"background-color":"var(--ast-global-color-5)","background-image":"","background-repeat":"repeat","background-position":"center center","background-size":"auto","background-attachment":"scroll","background-type":"","background-media":"","overlay-type":"","overlay-color":"","overlay-opacity":"","overlay-gradient":""},"tablet":{"background-color":"var(--ast-global-color-5)","background-image":"","background-repeat":"repeat","background-position":"center center","background-size":"auto","background-attachment":"scroll","background-type":"","background-media":"","overlay-type":"","overlay-color":"","overlay-opacity":"","overlay-gradient":""},"mobile":{"background-color":"var(--ast-global-color-5)","background-image":"","background-repeat":"repeat","background-position":"center center","background-size":"auto","background-attachment":"scroll","background-type":"","background-media":"","overlay-type":"","overlay-color":"","overlay-opacity":"","overlay-gradient":""}},"footnotes":""},"class_list":["post-874","page","type-page","status-publish","has-post-thumbnail","hentry"],"yoast_head":"<!-- This site is optimized with the Yoast SEO plugin v27.4 - https:\/\/yoast.com\/product\/yoast-seo-wordpress\/ -->\n<title>Lugnet - Solliden Camping<\/title>\n<meta name=\"robots\" content=\"index, follow, max-snippet:-1, max-image-preview:large, max-video-preview:-1\" \/>\n<link rel=\"canonical\" href=\"https:\/\/www.solliden.fi\/sv\/stugor\/lugnet\/\" \/>\n<meta property=\"og:locale\" content=\"sv_SE\" \/>\n<meta property=\"og:type\" content=\"article\" \/>\n<meta property=\"og:title\" content=\"Lugnet - Solliden Camping\" \/>\n<meta property=\"og:description\" content=\"Charmen med att campa \u00e4r ofta att bo enklare \u00e4n hemma och det \u00e4r precis vad ni g\u00f6r i stugorna i Lugnet. Stugorna har en v\u00e5ningss\u00e4ng och en enkels\u00e4ng. H\u00e4r bor ni lugnt och enkelt, ingen toalett eller rinnande vatten. Passar perfekt f\u00f6r en enkel semester enligt devisen &#8220;less is more&#8221;. I denna lilla stugby [&hellip;]\" \/>\n<meta property=\"og:url\" content=\"https:\/\/www.solliden.fi\/sv\/stugor\/lugnet\/\" \/>\n<meta property=\"og:site_name\" content=\"Solliden Camping\" \/>\n<meta property=\"article:modified_time\" content=\"2024-05-30T08:39:14+00:00\" \/>\n<meta property=\"og:image\" content=\"https:\/\/www.solliden.fi\/wp-content\/uploads\/Solliden23-1.jpg\" \/>\n\t<meta property=\"og:image:width\" content=\"800\" \/>\n\t<meta property=\"og:image:height\" content=\"506\" \/>\n\t<meta property=\"og:image:type\" content=\"image\/jpeg\" \/>\n<meta name=\"twitter:label1\" content=\"Ber\u00e4knad l\u00e4stid\" \/>\n\t<meta name=\"twitter:data1\" content=\"2 minutes\" \/>\n<script type=\"application\/ld+json\" class=\"yoast-schema-graph\">{\"@context\":\"https:\\\/\\\/schema.org\",\"@graph\":[{\"@type\":\"WebPage\",\"@id\":\"https:\\\/\\\/www.solliden.fi\\\/sv\\\/stugor\\\/lugnet\\\/\",\"url\":\"https:\\\/\\\/www.solliden.fi\\\/sv\\\/stugor\\\/lugnet\\\/\",\"name\":\"Lugnet - Solliden Camping\",\"isPartOf\":{\"@id\":\"https:\\\/\\\/www.solliden.fi\\\/sv\\\/#website\"},\"primaryImageOfPage\":{\"@id\":\"https:\\\/\\\/www.solliden.fi\\\/sv\\\/stugor\\\/lugnet\\\/#primaryimage\"},\"image\":{\"@id\":\"https:\\\/\\\/www.solliden.fi\\\/sv\\\/stugor\\\/lugnet\\\/#primaryimage\"},\"thumbnailUrl\":\"https:\\\/\\\/www.solliden.fi\\\/wp-content\\\/uploads\\\/Solliden23-1.jpg\",\"datePublished\":\"2015-03-02T21:44:29+00:00\",\"dateModified\":\"2024-05-30T08:39:14+00:00\",\"breadcrumb\":{\"@id\":\"https:\\\/\\\/www.solliden.fi\\\/sv\\\/stugor\\\/lugnet\\\/#breadcrumb\"},\"inLanguage\":\"sv-SE\",\"potentialAction\":[{\"@type\":\"ReadAction\",\"target\":[\"https:\\\/\\\/www.solliden.fi\\\/sv\\\/stugor\\\/lugnet\\\/\"]}]},{\"@type\":\"ImageObject\",\"inLanguage\":\"sv-SE\",\"@id\":\"https:\\\/\\\/www.solliden.fi\\\/sv\\\/stugor\\\/lugnet\\\/#primaryimage\",\"url\":\"https:\\\/\\\/www.solliden.fi\\\/wp-content\\\/uploads\\\/Solliden23-1.jpg\",\"contentUrl\":\"https:\\\/\\\/www.solliden.fi\\\/wp-content\\\/uploads\\\/Solliden23-1.jpg\",\"width\":800,\"height\":506},{\"@type\":\"BreadcrumbList\",\"@id\":\"https:\\\/\\\/www.solliden.fi\\\/sv\\\/stugor\\\/lugnet\\\/#breadcrumb\",\"itemListElement\":[{\"@type\":\"ListItem\",\"position\":1,\"name\":\"Home\",\"item\":\"https:\\\/\\\/www.solliden.fi\\\/sv\\\/\"},{\"@type\":\"ListItem\",\"position\":2,\"name\":\"Stugor\",\"item\":\"https:\\\/\\\/www.solliden.fi\\\/sv\\\/stugor\\\/\"},{\"@type\":\"ListItem\",\"position\":3,\"name\":\"Lugnet\"}]},{\"@type\":\"WebSite\",\"@id\":\"https:\\\/\\\/www.solliden.fi\\\/sv\\\/#website\",\"url\":\"https:\\\/\\\/www.solliden.fi\\\/sv\\\/\",\"name\":\"Solliden Camping\",\"description\":\"Leirint\u00e4alue Turun saaristossa\",\"publisher\":{\"@id\":\"https:\\\/\\\/www.solliden.fi\\\/sv\\\/#organization\"},\"potentialAction\":[{\"@type\":\"SearchAction\",\"target\":{\"@type\":\"EntryPoint\",\"urlTemplate\":\"https:\\\/\\\/www.solliden.fi\\\/sv\\\/?s={search_term_string}\"},\"query-input\":{\"@type\":\"PropertyValueSpecification\",\"valueRequired\":true,\"valueName\":\"search_term_string\"}}],\"inLanguage\":\"sv-SE\"},{\"@type\":\"Organization\",\"@id\":\"https:\\\/\\\/www.solliden.fi\\\/sv\\\/#organization\",\"name\":\"Solliden Camping\",\"url\":\"https:\\\/\\\/www.solliden.fi\\\/sv\\\/\",\"logo\":{\"@type\":\"ImageObject\",\"inLanguage\":\"sv-SE\",\"@id\":\"https:\\\/\\\/www.solliden.fi\\\/sv\\\/#\\\/schema\\\/logo\\\/image\\\/\",\"url\":\"https:\\\/\\\/www.solliden.fi\\\/wp-content\\\/uploads\\\/logo@2x.png\",\"contentUrl\":\"https:\\\/\\\/www.solliden.fi\\\/wp-content\\\/uploads\\\/logo@2x.png\",\"width\":510,\"height\":400,\"caption\":\"Solliden Camping\"},\"image\":{\"@id\":\"https:\\\/\\\/www.solliden.fi\\\/sv\\\/#\\\/schema\\\/logo\\\/image\\\/\"}}]}<\/script>\n<!-- \/ Yoast SEO plugin. -->","yoast_head_json":{"title":"Lugnet - Solliden Camping","robots":{"index":"index","follow":"follow","max-snippet":"max-snippet:-1","max-image-preview":"max-image-preview:large","max-video-preview":"max-video-preview:-1"},"canonical":"https:\/\/www.solliden.fi\/sv\/stugor\/lugnet\/","og_locale":"sv_SE","og_type":"article","og_title":"Lugnet - Solliden Camping","og_description":"Charmen med att campa \u00e4r ofta att bo enklare \u00e4n hemma och det \u00e4r precis vad ni g\u00f6r i stugorna i Lugnet. Stugorna har en v\u00e5ningss\u00e4ng och en enkels\u00e4ng. H\u00e4r bor ni lugnt och enkelt, ingen toalett eller rinnande vatten. Passar perfekt f\u00f6r en enkel semester enligt devisen &#8220;less is more&#8221;. I denna lilla stugby [&hellip;]","og_url":"https:\/\/www.solliden.fi\/sv\/stugor\/lugnet\/","og_site_name":"Solliden Camping","article_modified_time":"2024-05-30T08:39:14+00:00","og_image":[{"width":800,"height":506,"url":"https:\/\/www.solliden.fi\/wp-content\/uploads\/Solliden23-1.jpg","type":"image\/jpeg"}],"twitter_misc":{"Ber\u00e4knad l\u00e4stid":"2 minutes"},"schema":{"@context":"https:\/\/schema.org","@graph":[{"@type":"WebPage","@id":"https:\/\/www.solliden.fi\/sv\/stugor\/lugnet\/","url":"https:\/\/www.solliden.fi\/sv\/stugor\/lugnet\/","name":"Lugnet - Solliden Camping","isPartOf":{"@id":"https:\/\/www.solliden.fi\/sv\/#website"},"primaryImageOfPage":{"@id":"https:\/\/www.solliden.fi\/sv\/stugor\/lugnet\/#primaryimage"},"image":{"@id":"https:\/\/www.solliden.fi\/sv\/stugor\/lugnet\/#primaryimage"},"thumbnailUrl":"https:\/\/www.solliden.fi\/wp-content\/uploads\/Solliden23-1.jpg","datePublished":"2015-03-02T21:44:29+00:00","dateModified":"2024-05-30T08:39:14+00:00","breadcrumb":{"@id":"https:\/\/www.solliden.fi\/sv\/stugor\/lugnet\/#breadcrumb"},"inLanguage":"sv-SE","potentialAction":[{"@type":"ReadAction","target":["https:\/\/www.solliden.fi\/sv\/stugor\/lugnet\/"]}]},{"@type":"ImageObject","inLanguage":"sv-SE","@id":"https:\/\/www.solliden.fi\/sv\/stugor\/lugnet\/#primaryimage","url":"https:\/\/www.solliden.fi\/wp-content\/uploads\/Solliden23-1.jpg","contentUrl":"https:\/\/www.solliden.fi\/wp-content\/uploads\/Solliden23-1.jpg","width":800,"height":506},{"@type":"BreadcrumbList","@id":"https:\/\/www.solliden.fi\/sv\/stugor\/lugnet\/#breadcrumb","itemListElement":[{"@type":"ListItem","position":1,"name":"Home","item":"https:\/\/www.solliden.fi\/sv\/"},{"@type":"ListItem","position":2,"name":"Stugor","item":"https:\/\/www.solliden.fi\/sv\/stugor\/"},{"@type":"ListItem","position":3,"name":"Lugnet"}]},{"@type":"WebSite","@id":"https:\/\/www.solliden.fi\/sv\/#website","url":"https:\/\/www.solliden.fi\/sv\/","name":"Solliden Camping","description":"Leirint\u00e4alue Turun saaristossa","publisher":{"@id":"https:\/\/www.solliden.fi\/sv\/#organization"},"potentialAction":[{"@type":"SearchAction","target":{"@type":"EntryPoint","urlTemplate":"https:\/\/www.solliden.fi\/sv\/?s={search_term_string}"},"query-input":{"@type":"PropertyValueSpecification","valueRequired":true,"valueName":"search_term_string"}}],"inLanguage":"sv-SE"},{"@type":"Organization","@id":"https:\/\/www.solliden.fi\/sv\/#organization","name":"Solliden Camping","url":"https:\/\/www.solliden.fi\/sv\/","logo":{"@type":"ImageObject","inLanguage":"sv-SE","@id":"https:\/\/www.solliden.fi\/sv\/#\/schema\/logo\/image\/","url":"https:\/\/www.solliden.fi\/wp-content\/uploads\/logo@2x.png","contentUrl":"https:\/\/www.solliden.fi\/wp-content\/uploads\/logo@2x.png","width":510,"height":400,"caption":"Solliden Camping"},"image":{"@id":"https:\/\/www.solliden.fi\/sv\/#\/schema\/logo\/image\/"}}]}},"uagb_featured_image_src":{"full":["https:\/\/www.solliden.fi\/wp-content\/uploads\/Solliden23-1.jpg",800,506,false],"thumbnail":["https:\/\/www.solliden.fi\/wp-content\/uploads\/Solliden23-1-150x150.jpg",150,150,true],"medium":["https:\/\/www.solliden.fi\/wp-content\/uploads\/Solliden23-1-300x190.jpg",300,190,true],"medium_large":["https:\/\/www.solliden.fi\/wp-content\/uploads\/Solliden23-1-768x486.jpg",768,486,true],"large":["https:\/\/www.solliden.fi\/wp-content\/uploads\/Solliden23-1.jpg",800,506,false],"1536x1536":["https:\/\/www.solliden.fi\/wp-content\/uploads\/Solliden23-1.jpg",800,506,false],"2048x2048":["https:\/\/www.solliden.fi\/wp-content\/uploads\/Solliden23-1.jpg",800,506,false],"gform-image-choice-sm":["https:\/\/www.solliden.fi\/wp-content\/uploads\/Solliden23-1.jpg",300,190,false],"gform-image-choice-md":["https:\/\/www.solliden.fi\/wp-content\/uploads\/Solliden23-1.jpg",400,253,false],"gform-image-choice-lg":["https:\/\/www.solliden.fi\/wp-content\/uploads\/Solliden23-1.jpg",600,380,false]},"uagb_author_info":{"display_name":"dzfrank","author_link":"https:\/\/www.solliden.fi\/sv\/author\/dzfrank\/"},"uagb_comment_info":0,"uagb_excerpt":"Charmen med att campa \u00e4r ofta att bo enklare \u00e4n hemma och det \u00e4r precis vad ni g\u00f6r i stugorna i Lugnet. Stugorna har en v\u00e5ningss\u00e4ng och en enkels\u00e4ng. H\u00e4r bor ni lugnt och enkelt, ingen toalett eller rinnande vatten. Passar perfekt f\u00f6r en enkel semester enligt devisen &#8220;less is more&#8221;. I denna lilla stugby&hellip;","_links":{"self":[{"href":"https:\/\/www.solliden.fi\/sv\/wp-json\/wp\/v2\/pages\/874","targetHints":{"allow":["GET"]}}],"collection":[{"href":"https:\/\/www.solliden.fi\/sv\/wp-json\/wp\/v2\/pages"}],"about":[{"href":"https:\/\/www.solliden.fi\/sv\/wp-json\/wp\/v2\/types\/page"}],"author":[{"embeddable":true,"href":"https:\/\/www.solliden.fi\/sv\/wp-json\/wp\/v2\/users\/1"}],"replies":[{"embeddable":true,"href":"https:\/\/www.solliden.fi\/sv\/wp-json\/wp\/v2\/comments?post=874"}],"version-history":[{"count":1,"href":"https:\/\/www.solliden.fi\/sv\/wp-json\/wp\/v2\/pages\/874\/revisions"}],"predecessor-version":[{"id":6340,"href":"https:\/\/www.solliden.fi\/sv\/wp-json\/wp\/v2\/pages\/874\/revisions\/6340"}],"up":[{"embeddable":true,"href":"https:\/\/www.solliden.fi\/sv\/wp-json\/wp\/v2\/pages\/38"}],"wp:featuredmedia":[{"embeddable":true,"href":"https:\/\/www.solliden.fi\/sv\/wp-json\/wp\/v2\/media\/3188"}],"wp:attachment":[{"href":"https:\/\/www.solliden.fi\/sv\/wp-json\/wp\/v2\/media?parent=874"}],"curies":[{"name":"wp","href":"https:\/\/api.w.org\/{rel}","templated":true}]}}