{"id":878,"date":"2015-03-02T23:46:13","date_gmt":"2015-03-02T21:46:13","guid":{"rendered":"http:\/\/www.solliden.fi\/?page_id=878"},"modified":"2024-05-30T11:39:43","modified_gmt":"2024-05-30T08:39:43","slug":"skogsbrynet","status":"publish","type":"page","link":"https:\/\/www.solliden.fi\/sv\/stugor\/skogsbrynet\/","title":{"rendered":"Skogsbrynet"},"content":{"rendered":"<p>Skogsbrynets stugor, med plats f\u00f6r 6+2 personer, \u00e4r ett bra alternativ f\u00f6r en l\u00e4ngre vistelse eller f\u00f6r familjer.<br \/>I stugan ett litet k\u00f6k med tv\u00e5 spisplattor, kylsk\u00e5p, diskmaskin, mikro, kaffekokare och porslin f\u00f6r 8 personer. Stort matbord med plats f\u00f6r \u00e5tta.<br \/>P\u00e5 f\u00f6rsta v\u00e5ningen finns ett litet sovrum med en dubbels\u00e4ng (ingen d\u00f6rr) och i allrummet en b\u00e4ddsoffa (sovbredd 80\/160 x 200 cm). P\u00e5 sovloftet finns fyra enkels\u00e4ngar.<br \/>H\u00e4r kommer ni att trivas, kanske s\u00e4rskilt bra p\u00e5 den h\u00e4rliga balkongen p\u00e5 andra v\u00e5ningen eller p\u00e5 stugans stora terrass precis i skogsbrynet.<br \/>Fr\u00e5n balkongen ser man sj\u00f6n glittra. Grill p\u00e5 g\u00e5rden.<\/p>\n<p>I stugorna finns: WC, dusch, bastu.<br \/>Kokvr\u00e5: kylsk\u00e5p, spis, diskmaskin, mikro, kaffekokare, varmvatten<br \/>Porslin, sk\u00e5lar, bestick, kastruller. Om n\u00e5got saknas, kontakta receptionen.<br \/>Utrustning: T\u00e4cken, kuddar.<br \/>St\u00e4dutrustning.\u00a0<br \/>Ta med egen kol till utegrillen.<br \/>Sovrum: 2<br \/>Sovplatser: 6+2<br \/>K\u00f6k: Ja<br \/>WC \/ Dusch \/Bastu: Ja<\/p>\n<p><a href=\"https:\/\/www.solliden.fi\/sv\/stugor\/\">Villkor och pris<\/a><br \/><a href=\"http:\/\/www.solliden.fi\/wp-content\/uploads\/Solliden13.jpg\"><img decoding=\"async\" class=\"aligncenter wp-image-532 size-large\" src=\"http:\/\/www.solliden.fi\/wp-content\/uploads\/Solliden13-1024x635.jpg\" alt=\"Solliden13\" width=\"1024\" height=\"635\" srcset=\"https:\/\/www.solliden.fi\/wp-content\/uploads\/Solliden13-1024x635.jpg 1024w, https:\/\/www.solliden.fi\/wp-content\/uploads\/Solliden13-300x186.jpg 300w, https:\/\/www.solliden.fi\/wp-content\/uploads\/Solliden13-768x477.jpg 768w, https:\/\/www.solliden.fi\/wp-content\/uploads\/Solliden13-1080x670.jpg 1080w, https:\/\/www.solliden.fi\/wp-content\/uploads\/Solliden13-20x12.jpg 20w\" sizes=\"(max-width: 1024px) 100vw, 1024px\" \/><\/a><\/p>\n<p><img decoding=\"async\" class=\"alignnone wp-image-4032 size-large\" src=\"https:\/\/www.solliden.fi\/wp-content\/uploads\/skogsbrynet-vardasgsrummet-1024x768.jpg\" alt=\"\" width=\"1024\" height=\"768\" srcset=\"https:\/\/www.solliden.fi\/wp-content\/uploads\/skogsbrynet-vardasgsrummet-1024x768.jpg 1024w, https:\/\/www.solliden.fi\/wp-content\/uploads\/skogsbrynet-vardasgsrummet-300x225.jpg 300w, https:\/\/www.solliden.fi\/wp-content\/uploads\/skogsbrynet-vardasgsrummet-768x576.jpg 768w, https:\/\/www.solliden.fi\/wp-content\/uploads\/skogsbrynet-vardasgsrummet-1536x1152.jpg 1536w, https:\/\/www.solliden.fi\/wp-content\/uploads\/skogsbrynet-vardasgsrummet-2048x1536.jpg 2048w\" sizes=\"(max-width: 1024px) 100vw, 1024px\" \/><\/p>\n<p><img decoding=\"async\" class=\"alignnone wp-image-4028 size-large\" src=\"https:\/\/www.solliden.fi\/wp-content\/uploads\/skogsbrynet-s\u00e4ngsoffa-1024x768.jpg\" alt=\"\" width=\"1024\" height=\"768\" srcset=\"https:\/\/www.solliden.fi\/wp-content\/uploads\/skogsbrynet-s\u00e4ngsoffa-1024x768.jpg 1024w, https:\/\/www.solliden.fi\/wp-content\/uploads\/skogsbrynet-s\u00e4ngsoffa-300x225.jpg 300w, https:\/\/www.solliden.fi\/wp-content\/uploads\/skogsbrynet-s\u00e4ngsoffa-768x576.jpg 768w, https:\/\/www.solliden.fi\/wp-content\/uploads\/skogsbrynet-s\u00e4ngsoffa-1536x1152.jpg 1536w, https:\/\/www.solliden.fi\/wp-content\/uploads\/skogsbrynet-s\u00e4ngsoffa-2048x1536.jpg 2048w\" sizes=\"(max-width: 1024px) 100vw, 1024px\" \/><\/p>\n<p><img decoding=\"async\" class=\"size-large wp-image-3079\" src=\"https:\/\/www.solliden.fi\/wp-content\/uploads\/IMG_20180703_144820-1024x512.jpg\" alt=\"\" width=\"1024\" height=\"512\" srcset=\"https:\/\/www.solliden.fi\/wp-content\/uploads\/IMG_20180703_144820-1024x512.jpg 1024w, https:\/\/www.solliden.fi\/wp-content\/uploads\/IMG_20180703_144820-300x150.jpg 300w, https:\/\/www.solliden.fi\/wp-content\/uploads\/IMG_20180703_144820-768x384.jpg 768w, https:\/\/www.solliden.fi\/wp-content\/uploads\/IMG_20180703_144820-1080x540.jpg 1080w, https:\/\/www.solliden.fi\/wp-content\/uploads\/IMG_20180703_144820-20x10.jpg 20w\" sizes=\"(max-width: 1024px) 100vw, 1024px\" \/><\/p>\n<p><img decoding=\"async\" class=\"wp-image-3073 size-large\" src=\"https:\/\/www.solliden.fi\/wp-content\/uploads\/IMG_20180703_144045-1024x512.jpg\" alt=\"\" width=\"1024\" height=\"512\" srcset=\"https:\/\/www.solliden.fi\/wp-content\/uploads\/IMG_20180703_144045-1024x512.jpg 1024w, https:\/\/www.solliden.fi\/wp-content\/uploads\/IMG_20180703_144045-300x150.jpg 300w, https:\/\/www.solliden.fi\/wp-content\/uploads\/IMG_20180703_144045-768x384.jpg 768w, https:\/\/www.solliden.fi\/wp-content\/uploads\/IMG_20180703_144045-1080x540.jpg 1080w, https:\/\/www.solliden.fi\/wp-content\/uploads\/IMG_20180703_144045-20x10.jpg 20w\" sizes=\"(max-width: 1024px) 100vw, 1024px\" \/><\/p>\n<p><img decoding=\"async\" class=\"alignnone size-large wp-image-3064\" src=\"https:\/\/www.solliden.fi\/wp-content\/uploads\/IMG_20180703_143329-1-512x1024.jpg\" alt=\"\" width=\"512\" height=\"1024\" srcset=\"https:\/\/www.solliden.fi\/wp-content\/uploads\/IMG_20180703_143329-1-512x1024.jpg 512w, https:\/\/www.solliden.fi\/wp-content\/uploads\/IMG_20180703_143329-1-150x300.jpg 150w, https:\/\/www.solliden.fi\/wp-content\/uploads\/IMG_20180703_143329-1-768x1536.jpg 768w, https:\/\/www.solliden.fi\/wp-content\/uploads\/IMG_20180703_143329-1-1080x2160.jpg 1080w, https:\/\/www.solliden.fi\/wp-content\/uploads\/IMG_20180703_143329-1.jpg 1824w\" sizes=\"(max-width: 512px) 100vw, 512px\" \/><\/p>\n\n\n<p><\/p>\n","protected":false},"excerpt":{"rendered":"<p>Skogsbrynets stugor, med plats f\u00f6r 6+2 personer, \u00e4r ett bra alternativ f\u00f6r en l\u00e4ngre vistelse eller f\u00f6r familjer.I stugan ett litet k\u00f6k med tv\u00e5 spisplattor, kylsk\u00e5p, diskmaskin, mikro, kaffekokare och porslin f\u00f6r 8 personer. Stort matbord med plats f\u00f6r \u00e5tta.P\u00e5 f\u00f6rsta v\u00e5ningen finns ett litet sovrum med en dubbels\u00e4ng (ingen d\u00f6rr) och i allrummet en [&hellip;]<\/p>\n","protected":false},"author":1,"featured_media":3167,"parent":38,"menu_order":3,"comment_status":"closed","ping_status":"closed","template":"","meta":{"_uag_custom_page_level_css":"","site-sidebar-layout":"default","site-content-layout":"default","ast-site-content-layout":"default","site-content-style":"default","site-sidebar-style":"default","ast-global-header-display":"","ast-banner-title-visibility":"","ast-main-header-display":"","ast-hfb-above-header-display":"","ast-hfb-below-header-display":"","ast-hfb-mobile-header-display":"","site-post-title":"","ast-breadcrumbs-content":"","ast-featured-img":"","footer-sml-layout":"","ast-disable-related-posts":"","theme-transparent-header-meta":"default","adv-header-id-meta":"","stick-header-meta":"default","header-above-stick-meta":"","header-main-stick-meta":"","header-below-stick-meta":"","astra-migrate-meta-layouts":"default","ast-page-background-enabled":"default","ast-page-background-meta":{"desktop":{"background-color":"","background-image":"","background-repeat":"repeat","background-position":"center center","background-size":"auto","background-attachment":"scroll","background-type":"","background-media":"","overlay-type":"","overlay-color":"","overlay-opacity":"","overlay-gradient":""},"tablet":{"background-color":"","background-image":"","background-repeat":"repeat","background-position":"center center","background-size":"auto","background-attachment":"scroll","background-type":"","background-media":"","overlay-type":"","overlay-color":"","overlay-opacity":"","overlay-gradient":""},"mobile":{"background-color":"","background-image":"","background-repeat":"repeat","background-position":"center center","background-size":"auto","background-attachment":"scroll","background-type":"","background-media":"","overlay-type":"","overlay-color":"","overlay-opacity":"","overlay-gradient":""}},"ast-content-background-meta":{"desktop":{"background-color":"var(--ast-global-color-5)","background-image":"","background-repeat":"repeat","background-position":"center center","background-size":"auto","background-attachment":"scroll","background-type":"","background-media":"","overlay-type":"","overlay-color":"","overlay-opacity":"","overlay-gradient":""},"tablet":{"background-color":"var(--ast-global-color-5)","background-image":"","background-repeat":"repeat","background-position":"center center","background-size":"auto","background-attachment":"scroll","background-type":"","background-media":"","overlay-type":"","overlay-color":"","overlay-opacity":"","overlay-gradient":""},"mobile":{"background-color":"var(--ast-global-color-5)","background-image":"","background-repeat":"repeat","background-position":"center center","background-size":"auto","background-attachment":"scroll","background-type":"","background-media":"","overlay-type":"","overlay-color":"","overlay-opacity":"","overlay-gradient":""}},"footnotes":""},"class_list":["post-878","page","type-page","status-publish","has-post-thumbnail","hentry"],"yoast_head":"<!-- This site is optimized with the Yoast SEO plugin v27.4 - https:\/\/yoast.com\/product\/yoast-seo-wordpress\/ -->\n<title>Skogsbrynet - Solliden Camping<\/title>\n<meta name=\"robots\" content=\"index, follow, max-snippet:-1, max-image-preview:large, max-video-preview:-1\" \/>\n<link rel=\"canonical\" href=\"https:\/\/www.solliden.fi\/sv\/stugor\/skogsbrynet\/\" \/>\n<meta property=\"og:locale\" content=\"sv_SE\" \/>\n<meta property=\"og:type\" content=\"article\" \/>\n<meta property=\"og:title\" content=\"Skogsbrynet - Solliden Camping\" \/>\n<meta property=\"og:description\" content=\"Skogsbrynets stugor, med plats f\u00f6r 6+2 personer, \u00e4r ett bra alternativ f\u00f6r en l\u00e4ngre vistelse eller f\u00f6r familjer.I stugan ett litet k\u00f6k med tv\u00e5 spisplattor, kylsk\u00e5p, diskmaskin, mikro, kaffekokare och porslin f\u00f6r 8 personer. Stort matbord med plats f\u00f6r \u00e5tta.P\u00e5 f\u00f6rsta v\u00e5ningen finns ett litet sovrum med en dubbels\u00e4ng (ingen d\u00f6rr) och i allrummet en [&hellip;]\" \/>\n<meta property=\"og:url\" content=\"https:\/\/www.solliden.fi\/sv\/stugor\/skogsbrynet\/\" \/>\n<meta property=\"og:site_name\" content=\"Solliden Camping\" \/>\n<meta property=\"article:modified_time\" content=\"2024-05-30T08:39:43+00:00\" \/>\n<meta property=\"og:image\" content=\"https:\/\/www.solliden.fi\/wp-content\/uploads\/Solliden13-1.jpg\" \/>\n\t<meta property=\"og:image:width\" content=\"800\" \/>\n\t<meta property=\"og:image:height\" content=\"496\" \/>\n\t<meta property=\"og:image:type\" content=\"image\/jpeg\" \/>\n<meta name=\"twitter:label1\" content=\"Ber\u00e4knad l\u00e4stid\" \/>\n\t<meta name=\"twitter:data1\" content=\"2 minutes\" \/>\n<script type=\"application\/ld+json\" class=\"yoast-schema-graph\">{\"@context\":\"https:\\\/\\\/schema.org\",\"@graph\":[{\"@type\":\"WebPage\",\"@id\":\"https:\\\/\\\/www.solliden.fi\\\/sv\\\/stugor\\\/skogsbrynet\\\/\",\"url\":\"https:\\\/\\\/www.solliden.fi\\\/sv\\\/stugor\\\/skogsbrynet\\\/\",\"name\":\"Skogsbrynet - Solliden Camping\",\"isPartOf\":{\"@id\":\"https:\\\/\\\/www.solliden.fi\\\/sv\\\/#website\"},\"primaryImageOfPage\":{\"@id\":\"https:\\\/\\\/www.solliden.fi\\\/sv\\\/stugor\\\/skogsbrynet\\\/#primaryimage\"},\"image\":{\"@id\":\"https:\\\/\\\/www.solliden.fi\\\/sv\\\/stugor\\\/skogsbrynet\\\/#primaryimage\"},\"thumbnailUrl\":\"https:\\\/\\\/www.solliden.fi\\\/wp-content\\\/uploads\\\/Solliden13-1.jpg\",\"datePublished\":\"2015-03-02T21:46:13+00:00\",\"dateModified\":\"2024-05-30T08:39:43+00:00\",\"breadcrumb\":{\"@id\":\"https:\\\/\\\/www.solliden.fi\\\/sv\\\/stugor\\\/skogsbrynet\\\/#breadcrumb\"},\"inLanguage\":\"sv-SE\",\"potentialAction\":[{\"@type\":\"ReadAction\",\"target\":[\"https:\\\/\\\/www.solliden.fi\\\/sv\\\/stugor\\\/skogsbrynet\\\/\"]}]},{\"@type\":\"ImageObject\",\"inLanguage\":\"sv-SE\",\"@id\":\"https:\\\/\\\/www.solliden.fi\\\/sv\\\/stugor\\\/skogsbrynet\\\/#primaryimage\",\"url\":\"https:\\\/\\\/www.solliden.fi\\\/wp-content\\\/uploads\\\/Solliden13-1.jpg\",\"contentUrl\":\"https:\\\/\\\/www.solliden.fi\\\/wp-content\\\/uploads\\\/Solliden13-1.jpg\",\"width\":800,\"height\":496},{\"@type\":\"BreadcrumbList\",\"@id\":\"https:\\\/\\\/www.solliden.fi\\\/sv\\\/stugor\\\/skogsbrynet\\\/#breadcrumb\",\"itemListElement\":[{\"@type\":\"ListItem\",\"position\":1,\"name\":\"Home\",\"item\":\"https:\\\/\\\/www.solliden.fi\\\/sv\\\/\"},{\"@type\":\"ListItem\",\"position\":2,\"name\":\"Stugor\",\"item\":\"https:\\\/\\\/www.solliden.fi\\\/sv\\\/stugor\\\/\"},{\"@type\":\"ListItem\",\"position\":3,\"name\":\"Skogsbrynet\"}]},{\"@type\":\"WebSite\",\"@id\":\"https:\\\/\\\/www.solliden.fi\\\/sv\\\/#website\",\"url\":\"https:\\\/\\\/www.solliden.fi\\\/sv\\\/\",\"name\":\"Solliden Camping\",\"description\":\"Leirint\u00e4alue Turun saaristossa\",\"publisher\":{\"@id\":\"https:\\\/\\\/www.solliden.fi\\\/sv\\\/#organization\"},\"potentialAction\":[{\"@type\":\"SearchAction\",\"target\":{\"@type\":\"EntryPoint\",\"urlTemplate\":\"https:\\\/\\\/www.solliden.fi\\\/sv\\\/?s={search_term_string}\"},\"query-input\":{\"@type\":\"PropertyValueSpecification\",\"valueRequired\":true,\"valueName\":\"search_term_string\"}}],\"inLanguage\":\"sv-SE\"},{\"@type\":\"Organization\",\"@id\":\"https:\\\/\\\/www.solliden.fi\\\/sv\\\/#organization\",\"name\":\"Solliden Camping\",\"url\":\"https:\\\/\\\/www.solliden.fi\\\/sv\\\/\",\"logo\":{\"@type\":\"ImageObject\",\"inLanguage\":\"sv-SE\",\"@id\":\"https:\\\/\\\/www.solliden.fi\\\/sv\\\/#\\\/schema\\\/logo\\\/image\\\/\",\"url\":\"https:\\\/\\\/www.solliden.fi\\\/wp-content\\\/uploads\\\/logo@2x.png\",\"contentUrl\":\"https:\\\/\\\/www.solliden.fi\\\/wp-content\\\/uploads\\\/logo@2x.png\",\"width\":510,\"height\":400,\"caption\":\"Solliden Camping\"},\"image\":{\"@id\":\"https:\\\/\\\/www.solliden.fi\\\/sv\\\/#\\\/schema\\\/logo\\\/image\\\/\"}}]}<\/script>\n<!-- \/ Yoast SEO plugin. -->","yoast_head_json":{"title":"Skogsbrynet - Solliden Camping","robots":{"index":"index","follow":"follow","max-snippet":"max-snippet:-1","max-image-preview":"max-image-preview:large","max-video-preview":"max-video-preview:-1"},"canonical":"https:\/\/www.solliden.fi\/sv\/stugor\/skogsbrynet\/","og_locale":"sv_SE","og_type":"article","og_title":"Skogsbrynet - Solliden Camping","og_description":"Skogsbrynets stugor, med plats f\u00f6r 6+2 personer, \u00e4r ett bra alternativ f\u00f6r en l\u00e4ngre vistelse eller f\u00f6r familjer.I stugan ett litet k\u00f6k med tv\u00e5 spisplattor, kylsk\u00e5p, diskmaskin, mikro, kaffekokare och porslin f\u00f6r 8 personer. Stort matbord med plats f\u00f6r \u00e5tta.P\u00e5 f\u00f6rsta v\u00e5ningen finns ett litet sovrum med en dubbels\u00e4ng (ingen d\u00f6rr) och i allrummet en [&hellip;]","og_url":"https:\/\/www.solliden.fi\/sv\/stugor\/skogsbrynet\/","og_site_name":"Solliden Camping","article_modified_time":"2024-05-30T08:39:43+00:00","og_image":[{"width":800,"height":496,"url":"https:\/\/www.solliden.fi\/wp-content\/uploads\/Solliden13-1.jpg","type":"image\/jpeg"}],"twitter_misc":{"Ber\u00e4knad l\u00e4stid":"2 minutes"},"schema":{"@context":"https:\/\/schema.org","@graph":[{"@type":"WebPage","@id":"https:\/\/www.solliden.fi\/sv\/stugor\/skogsbrynet\/","url":"https:\/\/www.solliden.fi\/sv\/stugor\/skogsbrynet\/","name":"Skogsbrynet - Solliden Camping","isPartOf":{"@id":"https:\/\/www.solliden.fi\/sv\/#website"},"primaryImageOfPage":{"@id":"https:\/\/www.solliden.fi\/sv\/stugor\/skogsbrynet\/#primaryimage"},"image":{"@id":"https:\/\/www.solliden.fi\/sv\/stugor\/skogsbrynet\/#primaryimage"},"thumbnailUrl":"https:\/\/www.solliden.fi\/wp-content\/uploads\/Solliden13-1.jpg","datePublished":"2015-03-02T21:46:13+00:00","dateModified":"2024-05-30T08:39:43+00:00","breadcrumb":{"@id":"https:\/\/www.solliden.fi\/sv\/stugor\/skogsbrynet\/#breadcrumb"},"inLanguage":"sv-SE","potentialAction":[{"@type":"ReadAction","target":["https:\/\/www.solliden.fi\/sv\/stugor\/skogsbrynet\/"]}]},{"@type":"ImageObject","inLanguage":"sv-SE","@id":"https:\/\/www.solliden.fi\/sv\/stugor\/skogsbrynet\/#primaryimage","url":"https:\/\/www.solliden.fi\/wp-content\/uploads\/Solliden13-1.jpg","contentUrl":"https:\/\/www.solliden.fi\/wp-content\/uploads\/Solliden13-1.jpg","width":800,"height":496},{"@type":"BreadcrumbList","@id":"https:\/\/www.solliden.fi\/sv\/stugor\/skogsbrynet\/#breadcrumb","itemListElement":[{"@type":"ListItem","position":1,"name":"Home","item":"https:\/\/www.solliden.fi\/sv\/"},{"@type":"ListItem","position":2,"name":"Stugor","item":"https:\/\/www.solliden.fi\/sv\/stugor\/"},{"@type":"ListItem","position":3,"name":"Skogsbrynet"}]},{"@type":"WebSite","@id":"https:\/\/www.solliden.fi\/sv\/#website","url":"https:\/\/www.solliden.fi\/sv\/","name":"Solliden Camping","description":"Leirint\u00e4alue Turun saaristossa","publisher":{"@id":"https:\/\/www.solliden.fi\/sv\/#organization"},"potentialAction":[{"@type":"SearchAction","target":{"@type":"EntryPoint","urlTemplate":"https:\/\/www.solliden.fi\/sv\/?s={search_term_string}"},"query-input":{"@type":"PropertyValueSpecification","valueRequired":true,"valueName":"search_term_string"}}],"inLanguage":"sv-SE"},{"@type":"Organization","@id":"https:\/\/www.solliden.fi\/sv\/#organization","name":"Solliden Camping","url":"https:\/\/www.solliden.fi\/sv\/","logo":{"@type":"ImageObject","inLanguage":"sv-SE","@id":"https:\/\/www.solliden.fi\/sv\/#\/schema\/logo\/image\/","url":"https:\/\/www.solliden.fi\/wp-content\/uploads\/logo@2x.png","contentUrl":"https:\/\/www.solliden.fi\/wp-content\/uploads\/logo@2x.png","width":510,"height":400,"caption":"Solliden Camping"},"image":{"@id":"https:\/\/www.solliden.fi\/sv\/#\/schema\/logo\/image\/"}}]}},"uagb_featured_image_src":{"full":["https:\/\/www.solliden.fi\/wp-content\/uploads\/Solliden13-1.jpg",800,496,false],"thumbnail":["https:\/\/www.solliden.fi\/wp-content\/uploads\/Solliden13-1-150x150.jpg",150,150,true],"medium":["https:\/\/www.solliden.fi\/wp-content\/uploads\/Solliden13-1-300x186.jpg",300,186,true],"medium_large":["https:\/\/www.solliden.fi\/wp-content\/uploads\/Solliden13-1-768x476.jpg",768,476,true],"large":["https:\/\/www.solliden.fi\/wp-content\/uploads\/Solliden13-1.jpg",800,496,false],"1536x1536":["https:\/\/www.solliden.fi\/wp-content\/uploads\/Solliden13-1.jpg",800,496,false],"2048x2048":["https:\/\/www.solliden.fi\/wp-content\/uploads\/Solliden13-1.jpg",800,496,false],"gform-image-choice-sm":["https:\/\/www.solliden.fi\/wp-content\/uploads\/Solliden13-1.jpg",300,186,false],"gform-image-choice-md":["https:\/\/www.solliden.fi\/wp-content\/uploads\/Solliden13-1.jpg",400,248,false],"gform-image-choice-lg":["https:\/\/www.solliden.fi\/wp-content\/uploads\/Solliden13-1.jpg",600,372,false]},"uagb_author_info":{"display_name":"dzfrank","author_link":"https:\/\/www.solliden.fi\/sv\/author\/dzfrank\/"},"uagb_comment_info":0,"uagb_excerpt":"Skogsbrynets stugor, med plats f\u00f6r 6+2 personer, \u00e4r ett bra alternativ f\u00f6r en l\u00e4ngre vistelse eller f\u00f6r familjer.I stugan ett litet k\u00f6k med tv\u00e5 spisplattor, kylsk\u00e5p, diskmaskin, mikro, kaffekokare och porslin f\u00f6r 8 personer. Stort matbord med plats f\u00f6r \u00e5tta.P\u00e5 f\u00f6rsta v\u00e5ningen finns ett litet sovrum med en dubbels\u00e4ng (ingen d\u00f6rr) och i allrummet en&hellip;","_links":{"self":[{"href":"https:\/\/www.solliden.fi\/sv\/wp-json\/wp\/v2\/pages\/878","targetHints":{"allow":["GET"]}}],"collection":[{"href":"https:\/\/www.solliden.fi\/sv\/wp-json\/wp\/v2\/pages"}],"about":[{"href":"https:\/\/www.solliden.fi\/sv\/wp-json\/wp\/v2\/types\/page"}],"author":[{"embeddable":true,"href":"https:\/\/www.solliden.fi\/sv\/wp-json\/wp\/v2\/users\/1"}],"replies":[{"embeddable":true,"href":"https:\/\/www.solliden.fi\/sv\/wp-json\/wp\/v2\/comments?post=878"}],"version-history":[{"count":1,"href":"https:\/\/www.solliden.fi\/sv\/wp-json\/wp\/v2\/pages\/878\/revisions"}],"predecessor-version":[{"id":6341,"href":"https:\/\/www.solliden.fi\/sv\/wp-json\/wp\/v2\/pages\/878\/revisions\/6341"}],"up":[{"embeddable":true,"href":"https:\/\/www.solliden.fi\/sv\/wp-json\/wp\/v2\/pages\/38"}],"wp:featuredmedia":[{"embeddable":true,"href":"https:\/\/www.solliden.fi\/sv\/wp-json\/wp\/v2\/media\/3167"}],"wp:attachment":[{"href":"https:\/\/www.solliden.fi\/sv\/wp-json\/wp\/v2\/media?parent=878"}],"curies":[{"name":"wp","href":"https:\/\/api.w.org\/{rel}","templated":true}]}}